{"id":29611,"date":"2025-09-02T18:05:56","date_gmt":"2025-09-02T15:05:56","guid":{"rendered":"https:\/\/oedparts.com\/urun\/51066035004-fan-tahrik-mili-man-6-225004\/"},"modified":"2025-09-02T18:06:11","modified_gmt":"2025-09-02T15:06:11","slug":"51066035004-fan-tahrik-mili-man-6-225004","status":"publish","type":"product","link":"https:\/\/oedparts.com\/en\/urun\/51066035004-fan-tahrik-mili-man-6-225004\/","title":{"rendered":"51066035004 &#8211; FAN TAHR\u0130K M\u0130L\u0130 &#8211; MAN &#8211; 6.225004"},"content":{"rendered":"","protected":false},"excerpt":{"rendered":"<p>51066035004 &#8211; FAN TAHR\u0130K M\u0130L\u0130 &#8211; MAN<\/p>\n","protected":false},"featured_media":0,"comment_status":"closed","ping_status":"open","template":"","meta":[],"product_brand":[],"product_cat":[12476],"product_tag":[],"class_list":{"0":"post-29611","1":"product","2":"type-product","3":"status-publish","5":"product_cat-man","6":"pa_arac-tipi-avrupa","7":"pa_marka-man","8":"pa_model-tga-tgs-tgx-neoplan","9":"pa_oed-no-6-225004","10":"pa_oem-no-15824","11":"pa_urun-adi-fan-tahrik-mili","13":"first","14":"instock","15":"product-type-simple"},"_links":{"self":[{"href":"https:\/\/oedparts.com\/en\/wp-json\/wp\/v2\/product\/29611","targetHints":{"allow":["GET"]}}],"collection":[{"href":"https:\/\/oedparts.com\/en\/wp-json\/wp\/v2\/product"}],"about":[{"href":"https:\/\/oedparts.com\/en\/wp-json\/wp\/v2\/types\/product"}],"replies":[{"embeddable":true,"href":"https:\/\/oedparts.com\/en\/wp-json\/wp\/v2\/comments?post=29611"}],"wp:attachment":[{"href":"https:\/\/oedparts.com\/en\/wp-json\/wp\/v2\/media?parent=29611"}],"wp:term":[{"taxonomy":"product_brand","embeddable":true,"href":"https:\/\/oedparts.com\/en\/wp-json\/wp\/v2\/product_brand?post=29611"},{"taxonomy":"product_cat","embeddable":true,"href":"https:\/\/oedparts.com\/en\/wp-json\/wp\/v2\/product_cat?post=29611"},{"taxonomy":"product_tag","embeddable":true,"href":"https:\/\/oedparts.com\/en\/wp-json\/wp\/v2\/product_tag?post=29611"}],"curies":[{"name":"wp","href":"https:\/\/api.w.org\/{rel}","templated":true}]}}