{"id":29474,"date":"2025-09-02T18:04:24","date_gmt":"2025-09-02T15:04:24","guid":{"rendered":"https:\/\/oedparts.com\/urun\/51044006016-51044006035-eksantrik-mili-man-6-166016\/"},"modified":"2025-09-02T18:04:35","modified_gmt":"2025-09-02T15:04:35","slug":"51044006016-51044006035-eksantrik-mili-man-6-166016","status":"publish","type":"product","link":"https:\/\/oedparts.com\/en\/urun\/51044006016-51044006035-eksantrik-mili-man-6-166016\/","title":{"rendered":"51044006016 &#8211; 51044006035 &#8211; EKSANTR\u0130K M\u0130L\u0130 &#8211; MAN &#8211; 6.166016"},"content":{"rendered":"","protected":false},"excerpt":{"rendered":"<p>51044006016 &#8211; 51044006035 &#8211; EKSANTR\u0130K M\u0130L\u0130 &#8211; MAN<\/p>\n","protected":false},"featured_media":29475,"comment_status":"closed","ping_status":"open","template":"","meta":[],"product_brand":[],"product_cat":[12476,15231],"product_tag":[],"class_list":{"0":"post-29474","1":"product","2":"type-product","3":"status-publish","4":"has-post-thumbnail","6":"product_cat-man","7":"product_cat-neoplan","8":"pa_arac-tipi-avrupa","9":"pa_marka-man-neoplan","10":"pa_model-f-2000-tga-tgs-tgx","11":"pa_oed-no-6-166016","12":"pa_oem-no-51044006016-51044006035","13":"pa_urun-adi-eksantrik-mili","15":"first","16":"instock","17":"product-type-simple"},"_links":{"self":[{"href":"https:\/\/oedparts.com\/en\/wp-json\/wp\/v2\/product\/29474","targetHints":{"allow":["GET"]}}],"collection":[{"href":"https:\/\/oedparts.com\/en\/wp-json\/wp\/v2\/product"}],"about":[{"href":"https:\/\/oedparts.com\/en\/wp-json\/wp\/v2\/types\/product"}],"replies":[{"embeddable":true,"href":"https:\/\/oedparts.com\/en\/wp-json\/wp\/v2\/comments?post=29474"}],"wp:featuredmedia":[{"embeddable":true,"href":"https:\/\/oedparts.com\/en\/wp-json\/wp\/v2\/media\/29475"}],"wp:attachment":[{"href":"https:\/\/oedparts.com\/en\/wp-json\/wp\/v2\/media?parent=29474"}],"wp:term":[{"taxonomy":"product_brand","embeddable":true,"href":"https:\/\/oedparts.com\/en\/wp-json\/wp\/v2\/product_brand?post=29474"},{"taxonomy":"product_cat","embeddable":true,"href":"https:\/\/oedparts.com\/en\/wp-json\/wp\/v2\/product_cat?post=29474"},{"taxonomy":"product_tag","embeddable":true,"href":"https:\/\/oedparts.com\/en\/wp-json\/wp\/v2\/product_tag?post=29474"}],"curies":[{"name":"wp","href":"https:\/\/api.w.org\/{rel}","templated":true}]}}