{"id":28303,"date":"2025-09-02T17:56:40","date_gmt":"2025-09-02T14:56:40","guid":{"rendered":"https:\/\/oedparts.com\/urun\/1323838-denge-kol-lastigi-daf-4-913838\/"},"modified":"2025-09-02T17:57:20","modified_gmt":"2025-09-02T14:57:20","slug":"1323838-denge-kol-lastigi-daf-4-913838","status":"publish","type":"product","link":"https:\/\/oedparts.com\/en\/urun\/1323838-denge-kol-lastigi-daf-4-913838\/","title":{"rendered":"1323838 &#8211; DENGE KOL LAST\u0130\u011e\u0130 &#8211; DAF &#8211; 4.913838"},"content":{"rendered":"","protected":false},"excerpt":{"rendered":"<p>1323838 &#8211; DENGE KOL LAST\u0130\u011e\u0130 &#8211; DAF<\/p>\n","protected":false},"featured_media":0,"comment_status":"closed","ping_status":"open","template":"","meta":[],"product_brand":[],"product_cat":[12469],"product_tag":[],"class_list":{"0":"post-28303","1":"product","2":"type-product","3":"status-publish","5":"product_cat-daf","6":"pa_arac-tipi-avrupa","7":"pa_marka-daf","8":"pa_model-cf-xf","9":"pa_oed-no-4-913838","10":"pa_oem-no-15085","11":"pa_urun-adi-denge-kol-lastigi","13":"first","14":"instock","15":"product-type-simple"},"_links":{"self":[{"href":"https:\/\/oedparts.com\/en\/wp-json\/wp\/v2\/product\/28303","targetHints":{"allow":["GET"]}}],"collection":[{"href":"https:\/\/oedparts.com\/en\/wp-json\/wp\/v2\/product"}],"about":[{"href":"https:\/\/oedparts.com\/en\/wp-json\/wp\/v2\/types\/product"}],"replies":[{"embeddable":true,"href":"https:\/\/oedparts.com\/en\/wp-json\/wp\/v2\/comments?post=28303"}],"wp:attachment":[{"href":"https:\/\/oedparts.com\/en\/wp-json\/wp\/v2\/media?parent=28303"}],"wp:term":[{"taxonomy":"product_brand","embeddable":true,"href":"https:\/\/oedparts.com\/en\/wp-json\/wp\/v2\/product_brand?post=28303"},{"taxonomy":"product_cat","embeddable":true,"href":"https:\/\/oedparts.com\/en\/wp-json\/wp\/v2\/product_cat?post=28303"},{"taxonomy":"product_tag","embeddable":true,"href":"https:\/\/oedparts.com\/en\/wp-json\/wp\/v2\/product_tag?post=28303"}],"curies":[{"name":"wp","href":"https:\/\/api.w.org\/{rel}","templated":true}]}}