{"id":28284,"date":"2025-09-02T17:56:40","date_gmt":"2025-09-02T14:56:40","guid":{"rendered":"https:\/\/oedparts.com\/urun\/1367007-dingil-kilit-pulu-daf-4-907007\/"},"modified":"2025-09-02T17:56:59","modified_gmt":"2025-09-02T14:56:59","slug":"1367007-dingil-kilit-pulu-daf-4-907007","status":"publish","type":"product","link":"https:\/\/oedparts.com\/en\/urun\/1367007-dingil-kilit-pulu-daf-4-907007\/","title":{"rendered":"1367007 &#8211; D\u0130NG\u0130L K\u0130L\u0130T PULU &#8211; DAF &#8211; 4.907007"},"content":{"rendered":"","protected":false},"excerpt":{"rendered":"<p>1367007 &#8211; D\u0130NG\u0130L K\u0130L\u0130T PULU &#8211; DAF<\/p>\n","protected":false},"featured_media":0,"comment_status":"closed","ping_status":"open","template":"","meta":[],"product_brand":[],"product_cat":[12469],"product_tag":[],"class_list":{"0":"post-28284","1":"product","2":"type-product","3":"status-publish","5":"product_cat-daf","6":"pa_arac-tipi-avrupa","7":"pa_marka-daf","8":"pa_model-cf-xf","9":"pa_oed-no-4-907007","10":"pa_oem-no-15069","11":"pa_urun-adi-dingil-kilit-pulu","13":"first","14":"instock","15":"product-type-simple"},"_links":{"self":[{"href":"https:\/\/oedparts.com\/en\/wp-json\/wp\/v2\/product\/28284","targetHints":{"allow":["GET"]}}],"collection":[{"href":"https:\/\/oedparts.com\/en\/wp-json\/wp\/v2\/product"}],"about":[{"href":"https:\/\/oedparts.com\/en\/wp-json\/wp\/v2\/types\/product"}],"replies":[{"embeddable":true,"href":"https:\/\/oedparts.com\/en\/wp-json\/wp\/v2\/comments?post=28284"}],"wp:attachment":[{"href":"https:\/\/oedparts.com\/en\/wp-json\/wp\/v2\/media?parent=28284"}],"wp:term":[{"taxonomy":"product_brand","embeddable":true,"href":"https:\/\/oedparts.com\/en\/wp-json\/wp\/v2\/product_brand?post=28284"},{"taxonomy":"product_cat","embeddable":true,"href":"https:\/\/oedparts.com\/en\/wp-json\/wp\/v2\/product_cat?post=28284"},{"taxonomy":"product_tag","embeddable":true,"href":"https:\/\/oedparts.com\/en\/wp-json\/wp\/v2\/product_tag?post=28284"}],"curies":[{"name":"wp","href":"https:\/\/api.w.org\/{rel}","templated":true}]}}