{"id":28263,"date":"2025-09-02T17:56:12","date_gmt":"2025-09-02T14:56:12","guid":{"rendered":"https:\/\/oedparts.com\/urun\/1295188-85900015659-prizdirek-kece-kapagi-daf-4-855188\/"},"modified":"2025-09-02T17:56:23","modified_gmt":"2025-09-02T14:56:23","slug":"1295188-85900015659-prizdirek-kece-kapagi-daf-4-855188","status":"publish","type":"product","link":"https:\/\/oedparts.com\/en\/urun\/1295188-85900015659-prizdirek-kece-kapagi-daf-4-855188\/","title":{"rendered":"1295188 &#8211; 85900015659 &#8211; PR\u0130ZD\u0130REK KE\u00c7E KAPA\u011eI &#8211; DAF &#8211; 4.855188"},"content":{"rendered":"","protected":false},"excerpt":{"rendered":"<p>1295188 &#8211; 85900015659 &#8211; PR\u0130ZD\u0130REK KE\u00c7E KAPA\u011eI &#8211; DAF<\/p>\n","protected":false},"featured_media":28264,"comment_status":"closed","ping_status":"open","template":"","meta":[],"product_brand":[],"product_cat":[12469,12476],"product_tag":[],"class_list":{"0":"post-28263","1":"product","2":"type-product","3":"status-publish","4":"has-post-thumbnail","6":"product_cat-daf","7":"product_cat-man","8":"pa_arac-tipi-avrupa","9":"pa_marka-daf-man","10":"pa_oed-no-4-855188","11":"pa_oem-no-1295188-85900015659","12":"pa_urun-adi-prizdirek-kece-kapagi","14":"first","15":"instock","16":"product-type-simple"},"_links":{"self":[{"href":"https:\/\/oedparts.com\/en\/wp-json\/wp\/v2\/product\/28263","targetHints":{"allow":["GET"]}}],"collection":[{"href":"https:\/\/oedparts.com\/en\/wp-json\/wp\/v2\/product"}],"about":[{"href":"https:\/\/oedparts.com\/en\/wp-json\/wp\/v2\/types\/product"}],"replies":[{"embeddable":true,"href":"https:\/\/oedparts.com\/en\/wp-json\/wp\/v2\/comments?post=28263"}],"wp:featuredmedia":[{"embeddable":true,"href":"https:\/\/oedparts.com\/en\/wp-json\/wp\/v2\/media\/28264"}],"wp:attachment":[{"href":"https:\/\/oedparts.com\/en\/wp-json\/wp\/v2\/media?parent=28263"}],"wp:term":[{"taxonomy":"product_brand","embeddable":true,"href":"https:\/\/oedparts.com\/en\/wp-json\/wp\/v2\/product_brand?post=28263"},{"taxonomy":"product_cat","embeddable":true,"href":"https:\/\/oedparts.com\/en\/wp-json\/wp\/v2\/product_cat?post=28263"},{"taxonomy":"product_tag","embeddable":true,"href":"https:\/\/oedparts.com\/en\/wp-json\/wp\/v2\/product_tag?post=28263"}],"curies":[{"name":"wp","href":"https:\/\/api.w.org\/{rel}","templated":true}]}}