{"id":28198,"date":"2025-09-02T17:56:12","date_gmt":"2025-09-02T14:56:12","guid":{"rendered":"https:\/\/oedparts.com\/urun\/1854404-hava-filtre-govdesi-daf-4-794404\/"},"modified":"2025-09-02T17:56:14","modified_gmt":"2025-09-02T14:56:14","slug":"1854404-hava-filtre-govdesi-daf-4-794404","status":"publish","type":"product","link":"https:\/\/oedparts.com\/en\/urun\/1854404-hava-filtre-govdesi-daf-4-794404\/","title":{"rendered":"1854404 &#8211; HAVA F\u0130LTRE G\u00d6VDES\u0130 &#8211; DAF &#8211; 4.794404"},"content":{"rendered":"","protected":false},"excerpt":{"rendered":"<p>1854404 &#8211; HAVA F\u0130LTRE G\u00d6VDES\u0130 &#8211; DAF<\/p>\n","protected":false},"featured_media":28199,"comment_status":"closed","ping_status":"open","template":"","meta":[],"product_brand":[],"product_cat":[12469],"product_tag":[],"class_list":{"0":"post-28198","1":"product","2":"type-product","3":"status-publish","4":"has-post-thumbnail","6":"product_cat-daf","7":"pa_arac-tipi-avrupa","8":"pa_marka-daf","9":"pa_model-cf-xf","10":"pa_oed-no-4-794404","11":"pa_oem-no-15015","12":"pa_urun-adi-hava-filtre-govdesi","14":"first","15":"instock","16":"product-type-simple"},"_links":{"self":[{"href":"https:\/\/oedparts.com\/en\/wp-json\/wp\/v2\/product\/28198","targetHints":{"allow":["GET"]}}],"collection":[{"href":"https:\/\/oedparts.com\/en\/wp-json\/wp\/v2\/product"}],"about":[{"href":"https:\/\/oedparts.com\/en\/wp-json\/wp\/v2\/types\/product"}],"replies":[{"embeddable":true,"href":"https:\/\/oedparts.com\/en\/wp-json\/wp\/v2\/comments?post=28198"}],"wp:featuredmedia":[{"embeddable":true,"href":"https:\/\/oedparts.com\/en\/wp-json\/wp\/v2\/media\/28199"}],"wp:attachment":[{"href":"https:\/\/oedparts.com\/en\/wp-json\/wp\/v2\/media?parent=28198"}],"wp:term":[{"taxonomy":"product_brand","embeddable":true,"href":"https:\/\/oedparts.com\/en\/wp-json\/wp\/v2\/product_brand?post=28198"},{"taxonomy":"product_cat","embeddable":true,"href":"https:\/\/oedparts.com\/en\/wp-json\/wp\/v2\/product_cat?post=28198"},{"taxonomy":"product_tag","embeddable":true,"href":"https:\/\/oedparts.com\/en\/wp-json\/wp\/v2\/product_tag?post=28198"}],"curies":[{"name":"wp","href":"https:\/\/api.w.org\/{rel}","templated":true}]}}