{"id":28113,"date":"2025-09-02T17:55:52","date_gmt":"2025-09-02T14:55:52","guid":{"rendered":"https:\/\/oedparts.com\/urun\/1846492-basamak-sinyali-sag-daf-4-766492\/"},"modified":"2025-09-02T17:55:56","modified_gmt":"2025-09-02T14:55:56","slug":"1846492-basamak-sinyali-sag-daf-4-766492","status":"publish","type":"product","link":"https:\/\/oedparts.com\/en\/urun\/1846492-basamak-sinyali-sag-daf-4-766492\/","title":{"rendered":"1846492 &#8211; BASAMAK S\u0130NYAL\u0130 SA\u011e &#8211; DAF &#8211; 4.766492"},"content":{"rendered":"","protected":false},"excerpt":{"rendered":"<p>1846492 &#8211; BASAMAK S\u0130NYAL\u0130 SA\u011e &#8211; DAF<\/p>\n","protected":false},"featured_media":28114,"comment_status":"closed","ping_status":"open","template":"","meta":[],"product_brand":[],"product_cat":[12469],"product_tag":[],"class_list":{"0":"post-28113","1":"product","2":"type-product","3":"status-publish","4":"has-post-thumbnail","6":"product_cat-daf","7":"pa_arac-tipi-avrupa","8":"pa_marka-daf","9":"pa_model-cf-xf","10":"pa_oed-no-4-766492","11":"pa_oem-no-14966","12":"pa_urun-adi-basamak-sinyali-sag","14":"first","15":"instock","16":"product-type-simple"},"_links":{"self":[{"href":"https:\/\/oedparts.com\/en\/wp-json\/wp\/v2\/product\/28113","targetHints":{"allow":["GET"]}}],"collection":[{"href":"https:\/\/oedparts.com\/en\/wp-json\/wp\/v2\/product"}],"about":[{"href":"https:\/\/oedparts.com\/en\/wp-json\/wp\/v2\/types\/product"}],"replies":[{"embeddable":true,"href":"https:\/\/oedparts.com\/en\/wp-json\/wp\/v2\/comments?post=28113"}],"wp:featuredmedia":[{"embeddable":true,"href":"https:\/\/oedparts.com\/en\/wp-json\/wp\/v2\/media\/28114"}],"wp:attachment":[{"href":"https:\/\/oedparts.com\/en\/wp-json\/wp\/v2\/media?parent=28113"}],"wp:term":[{"taxonomy":"product_brand","embeddable":true,"href":"https:\/\/oedparts.com\/en\/wp-json\/wp\/v2\/product_brand?post=28113"},{"taxonomy":"product_cat","embeddable":true,"href":"https:\/\/oedparts.com\/en\/wp-json\/wp\/v2\/product_cat?post=28113"},{"taxonomy":"product_tag","embeddable":true,"href":"https:\/\/oedparts.com\/en\/wp-json\/wp\/v2\/product_tag?post=28113"}],"curies":[{"name":"wp","href":"https:\/\/api.w.org\/{rel}","templated":true}]}}