{"id":27801,"date":"2025-09-02T17:54:11","date_gmt":"2025-09-02T14:54:11","guid":{"rendered":"https:\/\/oedparts.com\/urun\/1439152-2163830-2191467-kabin-kaldirma-silindiri-daf-4-719152\/"},"modified":"2025-09-02T17:54:21","modified_gmt":"2025-09-02T14:54:21","slug":"1439152-2163830-2191467-kabin-kaldirma-silindiri-daf-4-719152","status":"publish","type":"product","link":"https:\/\/oedparts.com\/en\/urun\/1439152-2163830-2191467-kabin-kaldirma-silindiri-daf-4-719152\/","title":{"rendered":"1439152 &#8211; 2163830 &#8211; 2191467 &#8211; KAB\u0130N KALDIRMA S\u0130L\u0130ND\u0130R\u0130 &#8211; DAF &#8211; 4.719152"},"content":{"rendered":"","protected":false},"excerpt":{"rendered":"<p>1439152 &#8211; 2163830 &#8211; 2191467 &#8211; KAB\u0130N KALDIRMA S\u0130L\u0130ND\u0130R\u0130 &#8211; DAF<\/p>\n","protected":false},"featured_media":27802,"comment_status":"closed","ping_status":"open","template":"","meta":[],"product_brand":[],"product_cat":[12469],"product_tag":[],"class_list":{"0":"post-27801","1":"product","2":"type-product","3":"status-publish","4":"has-post-thumbnail","6":"product_cat-daf","7":"pa_arac-tipi-avrupa","8":"pa_marka-daf","9":"pa_model-cf","10":"pa_oed-no-4-719152","11":"pa_oem-no-1439152-2163830-2191467","12":"pa_urun-adi-kabin-kaldirma-silindiri","14":"first","15":"instock","16":"product-type-simple"},"_links":{"self":[{"href":"https:\/\/oedparts.com\/en\/wp-json\/wp\/v2\/product\/27801","targetHints":{"allow":["GET"]}}],"collection":[{"href":"https:\/\/oedparts.com\/en\/wp-json\/wp\/v2\/product"}],"about":[{"href":"https:\/\/oedparts.com\/en\/wp-json\/wp\/v2\/types\/product"}],"replies":[{"embeddable":true,"href":"https:\/\/oedparts.com\/en\/wp-json\/wp\/v2\/comments?post=27801"}],"wp:featuredmedia":[{"embeddable":true,"href":"https:\/\/oedparts.com\/en\/wp-json\/wp\/v2\/media\/27802"}],"wp:attachment":[{"href":"https:\/\/oedparts.com\/en\/wp-json\/wp\/v2\/media?parent=27801"}],"wp:term":[{"taxonomy":"product_brand","embeddable":true,"href":"https:\/\/oedparts.com\/en\/wp-json\/wp\/v2\/product_brand?post=27801"},{"taxonomy":"product_cat","embeddable":true,"href":"https:\/\/oedparts.com\/en\/wp-json\/wp\/v2\/product_cat?post=27801"},{"taxonomy":"product_tag","embeddable":true,"href":"https:\/\/oedparts.com\/en\/wp-json\/wp\/v2\/product_tag?post=27801"}],"curies":[{"name":"wp","href":"https:\/\/api.w.org\/{rel}","templated":true}]}}