{"id":27771,"date":"2025-09-02T17:54:11","date_gmt":"2025-09-02T14:54:11","guid":{"rendered":"https:\/\/oedparts.com\/urun\/1444742-1444742a-2163829-2191466-0296979-528467-kabin-kaldirma-silindiri-daf-4-713829\/"},"modified":"2025-09-02T17:54:18","modified_gmt":"2025-09-02T14:54:18","slug":"1444742-1444742a-2163829-2191466-0296979-528467-kabin-kaldirma-silindiri-daf-4-713829","status":"publish","type":"product","link":"https:\/\/oedparts.com\/en\/urun\/1444742-1444742a-2163829-2191466-0296979-528467-kabin-kaldirma-silindiri-daf-4-713829\/","title":{"rendered":"1444742 &#8211; 1444742A &#8211; 2163829 &#8211; 2191466 &#8211; 0296979 &#8211; 528467 &#8211; KAB\u0130N KALDIRMA S\u0130L\u0130ND\u0130R\u0130 &#8211; DAF &#8211; 4.713829"},"content":{"rendered":"","protected":false},"excerpt":{"rendered":"<p>1444742 &#8211; 1444742A &#8211; 2163829 &#8211; 2191466 &#8211; 0296979 &#8211; 528467 &#8211; KAB\u0130N KALDIRMA S\u0130L\u0130ND\u0130R\u0130 &#8211; DAF<\/p>\n","protected":false},"featured_media":27772,"comment_status":"closed","ping_status":"open","template":"","meta":[],"product_brand":[],"product_cat":[12469],"product_tag":[],"class_list":{"0":"post-27771","1":"product","2":"type-product","3":"status-publish","4":"has-post-thumbnail","6":"product_cat-daf","7":"pa_arac-tipi-avrupa","8":"pa_marka-daf","9":"pa_model-xf-95-xf-105","10":"pa_oed-no-4-713829","11":"pa_oem-no-1444742-1444742a-2163829-2191466-0296979-528467","12":"pa_urun-adi-kabin-kaldirma-silindiri","14":"first","15":"instock","16":"product-type-simple"},"_links":{"self":[{"href":"https:\/\/oedparts.com\/en\/wp-json\/wp\/v2\/product\/27771","targetHints":{"allow":["GET"]}}],"collection":[{"href":"https:\/\/oedparts.com\/en\/wp-json\/wp\/v2\/product"}],"about":[{"href":"https:\/\/oedparts.com\/en\/wp-json\/wp\/v2\/types\/product"}],"replies":[{"embeddable":true,"href":"https:\/\/oedparts.com\/en\/wp-json\/wp\/v2\/comments?post=27771"}],"wp:featuredmedia":[{"embeddable":true,"href":"https:\/\/oedparts.com\/en\/wp-json\/wp\/v2\/media\/27772"}],"wp:attachment":[{"href":"https:\/\/oedparts.com\/en\/wp-json\/wp\/v2\/media?parent=27771"}],"wp:term":[{"taxonomy":"product_brand","embeddable":true,"href":"https:\/\/oedparts.com\/en\/wp-json\/wp\/v2\/product_brand?post=27771"},{"taxonomy":"product_cat","embeddable":true,"href":"https:\/\/oedparts.com\/en\/wp-json\/wp\/v2\/product_cat?post=27771"},{"taxonomy":"product_tag","embeddable":true,"href":"https:\/\/oedparts.com\/en\/wp-json\/wp\/v2\/product_tag?post=27771"}],"curies":[{"name":"wp","href":"https:\/\/api.w.org\/{rel}","templated":true}]}}