{"id":27721,"date":"2025-09-02T17:54:11","date_gmt":"2025-09-02T14:54:11","guid":{"rendered":"https:\/\/oedparts.com\/urun\/1827058-1426321-00280130171-hararet-musuru-daf-4-637058\/"},"modified":"2025-09-02T17:54:12","modified_gmt":"2025-09-02T14:54:12","slug":"1827058-1426321-00280130171-hararet-musuru-daf-4-637058","status":"publish","type":"product","link":"https:\/\/oedparts.com\/en\/urun\/1827058-1426321-00280130171-hararet-musuru-daf-4-637058\/","title":{"rendered":"1827058 &#8211; 1426321 &#8211; 00280130171 &#8211; HARARET M\u00dc\u015e\u00dcR\u00dc &#8211; DAF &#8211; 4.637058"},"content":{"rendered":"","protected":false},"excerpt":{"rendered":"<p>1827058 &#8211; 1426321 &#8211; 00280130171 &#8211; HARARET M\u00dc\u015e\u00dcR\u00dc &#8211; DAF<\/p>\n","protected":false},"featured_media":27722,"comment_status":"closed","ping_status":"open","template":"","meta":[],"product_brand":[],"product_cat":[12469],"product_tag":[],"class_list":{"0":"post-27721","1":"product","2":"type-product","3":"status-publish","4":"has-post-thumbnail","6":"product_cat-daf","7":"pa_arac-tipi-avrupa","8":"pa_marka-daf","9":"pa_model-cf-xf","10":"pa_oed-no-4-637058","11":"pa_oem-no-1827058-1426321-00280130171","12":"pa_urun-adi-hararet-musuru","14":"first","15":"instock","16":"product-type-simple"},"_links":{"self":[{"href":"https:\/\/oedparts.com\/en\/wp-json\/wp\/v2\/product\/27721","targetHints":{"allow":["GET"]}}],"collection":[{"href":"https:\/\/oedparts.com\/en\/wp-json\/wp\/v2\/product"}],"about":[{"href":"https:\/\/oedparts.com\/en\/wp-json\/wp\/v2\/types\/product"}],"replies":[{"embeddable":true,"href":"https:\/\/oedparts.com\/en\/wp-json\/wp\/v2\/comments?post=27721"}],"wp:featuredmedia":[{"embeddable":true,"href":"https:\/\/oedparts.com\/en\/wp-json\/wp\/v2\/media\/27722"}],"wp:attachment":[{"href":"https:\/\/oedparts.com\/en\/wp-json\/wp\/v2\/media?parent=27721"}],"wp:term":[{"taxonomy":"product_brand","embeddable":true,"href":"https:\/\/oedparts.com\/en\/wp-json\/wp\/v2\/product_brand?post=27721"},{"taxonomy":"product_cat","embeddable":true,"href":"https:\/\/oedparts.com\/en\/wp-json\/wp\/v2\/product_cat?post=27721"},{"taxonomy":"product_tag","embeddable":true,"href":"https:\/\/oedparts.com\/en\/wp-json\/wp\/v2\/product_tag?post=27721"}],"curies":[{"name":"wp","href":"https:\/\/api.w.org\/{rel}","templated":true}]}}