{"id":27435,"date":"2025-09-02T17:51:13","date_gmt":"2025-09-02T14:51:13","guid":{"rendered":"https:\/\/oedparts.com\/urun\/0066123-1311608-1745259-5001834118-0000908850-od20513-7382120-820636-mazot-el-otomatigi-daf-4-406123\/"},"modified":"2025-09-02T17:52:10","modified_gmt":"2025-09-02T14:52:10","slug":"0066123-1311608-1745259-5001834118-0000908850-od20513-7382120-820636-mazot-el-otomatigi-daf-4-406123","status":"publish","type":"product","link":"https:\/\/oedparts.com\/en\/urun\/0066123-1311608-1745259-5001834118-0000908850-od20513-7382120-820636-mazot-el-otomatigi-daf-4-406123\/","title":{"rendered":"0066123 &#8211; 1311608 &#8211; 1745259 &#8211; 5001834118 &#8211; 0000908850 &#8211; OD20513 &#8211; 7382120 &#8211; 820636 &#8211; MAZOT EL OTOMAT\u0130\u011e\u0130 &#8211; DAF &#8211; 4.406123"},"content":{"rendered":"","protected":false},"excerpt":{"rendered":"<p>0066123 &#8211; 1311608 &#8211; 1745259 &#8211; 5001834118 &#8211; 0000908850 &#8211; OD20513 &#8211; 7382120 &#8211; 820636 &#8211; MAZOT EL OTOMAT\u0130\u011e\u0130 &#8211; DAF<\/p>\n","protected":false},"featured_media":27436,"comment_status":"closed","ping_status":"open","template":"","meta":[],"product_brand":[],"product_cat":[12469,12683],"product_tag":[],"class_list":{"0":"post-27435","1":"product","2":"type-product","3":"status-publish","4":"has-post-thumbnail","6":"product_cat-daf","7":"product_cat-universal","8":"pa_arac-tipi-avrupa","9":"pa_marka-daf-universal","10":"pa_model-cf-xf","11":"pa_oed-no-4-406123","12":"pa_oem-no-0066123-1311608-1745259-5001834118-0000908850-od20513-7382120-820636","13":"pa_urun-adi-mazot-el-otomatigi","15":"first","16":"instock","17":"product-type-simple"},"_links":{"self":[{"href":"https:\/\/oedparts.com\/en\/wp-json\/wp\/v2\/product\/27435","targetHints":{"allow":["GET"]}}],"collection":[{"href":"https:\/\/oedparts.com\/en\/wp-json\/wp\/v2\/product"}],"about":[{"href":"https:\/\/oedparts.com\/en\/wp-json\/wp\/v2\/types\/product"}],"replies":[{"embeddable":true,"href":"https:\/\/oedparts.com\/en\/wp-json\/wp\/v2\/comments?post=27435"}],"wp:featuredmedia":[{"embeddable":true,"href":"https:\/\/oedparts.com\/en\/wp-json\/wp\/v2\/media\/27436"}],"wp:attachment":[{"href":"https:\/\/oedparts.com\/en\/wp-json\/wp\/v2\/media?parent=27435"}],"wp:term":[{"taxonomy":"product_brand","embeddable":true,"href":"https:\/\/oedparts.com\/en\/wp-json\/wp\/v2\/product_brand?post=27435"},{"taxonomy":"product_cat","embeddable":true,"href":"https:\/\/oedparts.com\/en\/wp-json\/wp\/v2\/product_cat?post=27435"},{"taxonomy":"product_tag","embeddable":true,"href":"https:\/\/oedparts.com\/en\/wp-json\/wp\/v2\/product_tag?post=27435"}],"curies":[{"name":"wp","href":"https:\/\/api.w.org\/{rel}","templated":true}]}}