{"id":27224,"date":"2025-09-02T17:50:18","date_gmt":"2025-09-02T14:50:18","guid":{"rendered":"https:\/\/oedparts.com\/urun\/2402705-fan-gobegi-daf-4-222705\/"},"modified":"2025-09-02T17:50:29","modified_gmt":"2025-09-02T14:50:29","slug":"2402705-fan-gobegi-daf-4-222705","status":"publish","type":"product","link":"https:\/\/oedparts.com\/en\/urun\/2402705-fan-gobegi-daf-4-222705\/","title":{"rendered":"2402705 &#8211; FAN G\u00d6BE\u011e\u0130 &#8211; DAF &#8211; 4.222705"},"content":{"rendered":"","protected":false},"excerpt":{"rendered":"<p>2402705 &#8211; FAN G\u00d6BE\u011e\u0130 &#8211; DAF<\/p>\n","protected":false},"featured_media":27225,"comment_status":"closed","ping_status":"open","template":"","meta":[],"product_brand":[],"product_cat":[12469],"product_tag":[],"class_list":{"0":"post-27224","1":"product","2":"type-product","3":"status-publish","4":"has-post-thumbnail","6":"product_cat-daf","7":"pa_arac-tipi-avrupa","8":"pa_marka-daf","9":"pa_model-cf-xf-xg","10":"pa_oed-no-4-222705","11":"pa_oem-no-14501","12":"pa_urun-adi-fan-gobegi","14":"first","15":"instock","16":"product-type-simple"},"_links":{"self":[{"href":"https:\/\/oedparts.com\/en\/wp-json\/wp\/v2\/product\/27224","targetHints":{"allow":["GET"]}}],"collection":[{"href":"https:\/\/oedparts.com\/en\/wp-json\/wp\/v2\/product"}],"about":[{"href":"https:\/\/oedparts.com\/en\/wp-json\/wp\/v2\/types\/product"}],"replies":[{"embeddable":true,"href":"https:\/\/oedparts.com\/en\/wp-json\/wp\/v2\/comments?post=27224"}],"wp:featuredmedia":[{"embeddable":true,"href":"https:\/\/oedparts.com\/en\/wp-json\/wp\/v2\/media\/27225"}],"wp:attachment":[{"href":"https:\/\/oedparts.com\/en\/wp-json\/wp\/v2\/media?parent=27224"}],"wp:term":[{"taxonomy":"product_brand","embeddable":true,"href":"https:\/\/oedparts.com\/en\/wp-json\/wp\/v2\/product_brand?post=27224"},{"taxonomy":"product_cat","embeddable":true,"href":"https:\/\/oedparts.com\/en\/wp-json\/wp\/v2\/product_cat?post=27224"},{"taxonomy":"product_tag","embeddable":true,"href":"https:\/\/oedparts.com\/en\/wp-json\/wp\/v2\/product_tag?post=27224"}],"curies":[{"name":"wp","href":"https:\/\/api.w.org\/{rel}","templated":true}]}}