{"id":27183,"date":"2025-09-02T17:50:18","date_gmt":"2025-09-02T14:50:18","guid":{"rendered":"https:\/\/oedparts.com\/urun\/1949539-2104577-elektromanyetik-devirdaim-daf-4-209539\/"},"modified":"2025-09-02T17:50:20","modified_gmt":"2025-09-02T14:50:20","slug":"1949539-2104577-elektromanyetik-devirdaim-daf-4-209539","status":"publish","type":"product","link":"https:\/\/oedparts.com\/en\/urun\/1949539-2104577-elektromanyetik-devirdaim-daf-4-209539\/","title":{"rendered":"1949539 &#8211; 2104577 &#8211; ELEKTROMANYET\u0130K DEV\u0130RDA\u0130M &#8211; DAF &#8211; 4.209539"},"content":{"rendered":"","protected":false},"excerpt":{"rendered":"<p>1949539 &#8211; 2104577 &#8211; ELEKTROMANYET\u0130K DEV\u0130RDA\u0130M &#8211; DAF<\/p>\n","protected":false},"featured_media":27184,"comment_status":"closed","ping_status":"open","template":"","meta":[],"product_brand":[],"product_cat":[12469,14477,14478],"product_tag":[],"class_list":{"0":"post-27183","1":"product","2":"type-product","3":"status-publish","4":"has-post-thumbnail","6":"product_cat-daf","7":"product_cat-paccar","8":"product_cat-peterbilt","9":"pa_arac-tipi-avrupa-amerikan","10":"pa_marka-daf-paccar-peterbilt","11":"pa_model-xf-cf","12":"pa_oed-no-4-209539","13":"pa_oem-no-1949539-2104577","14":"pa_urun-adi-elektromanyetik-devirdaim","16":"first","17":"instock","18":"product-type-simple"},"_links":{"self":[{"href":"https:\/\/oedparts.com\/en\/wp-json\/wp\/v2\/product\/27183","targetHints":{"allow":["GET"]}}],"collection":[{"href":"https:\/\/oedparts.com\/en\/wp-json\/wp\/v2\/product"}],"about":[{"href":"https:\/\/oedparts.com\/en\/wp-json\/wp\/v2\/types\/product"}],"replies":[{"embeddable":true,"href":"https:\/\/oedparts.com\/en\/wp-json\/wp\/v2\/comments?post=27183"}],"wp:featuredmedia":[{"embeddable":true,"href":"https:\/\/oedparts.com\/en\/wp-json\/wp\/v2\/media\/27184"}],"wp:attachment":[{"href":"https:\/\/oedparts.com\/en\/wp-json\/wp\/v2\/media?parent=27183"}],"wp:term":[{"taxonomy":"product_brand","embeddable":true,"href":"https:\/\/oedparts.com\/en\/wp-json\/wp\/v2\/product_brand?post=27183"},{"taxonomy":"product_cat","embeddable":true,"href":"https:\/\/oedparts.com\/en\/wp-json\/wp\/v2\/product_cat?post=27183"},{"taxonomy":"product_tag","embeddable":true,"href":"https:\/\/oedparts.com\/en\/wp-json\/wp\/v2\/product_tag?post=27183"}],"curies":[{"name":"wp","href":"https:\/\/api.w.org\/{rel}","templated":true}]}}