{"id":26774,"date":"2025-09-02T17:45:43","date_gmt":"2025-09-02T14:45:43","guid":{"rendered":"https:\/\/oedparts.com\/urun\/20997334-7420997334-ceki-demiri-renault-trucks-3-747334\/"},"modified":"2025-09-02T17:46:34","modified_gmt":"2025-09-02T14:46:34","slug":"20997334-7420997334-ceki-demiri-renault-trucks-3-747334","status":"publish","type":"product","link":"https:\/\/oedparts.com\/en\/urun\/20997334-7420997334-ceki-demiri-renault-trucks-3-747334\/","title":{"rendered":"20997334 &#8211; 7420997334 &#8211; \u00c7EK\u0130 DEM\u0130R\u0130 &#8211; RENAULT TRUCKS &#8211; 3.747334"},"content":{"rendered":"","protected":false},"excerpt":{"rendered":"<p>20997334 &#8211; 7420997334 &#8211; \u00c7EK\u0130 DEM\u0130R\u0130 &#8211; RENAULT TRUCKS<\/p>\n","protected":false},"featured_media":0,"comment_status":"closed","ping_status":"open","template":"","meta":[],"product_brand":[],"product_cat":[12481,12471],"product_tag":[],"class_list":{"0":"post-26774","1":"product","2":"type-product","3":"status-publish","5":"product_cat-renault-trucks","6":"product_cat-volvo-trucks","7":"pa_arac-tipi-avrupa","8":"pa_marka-renault-trucks-volvo-trucks","9":"pa_model-magnum-midlum-premium","10":"pa_oed-no-3-747334","11":"pa_oem-no-20997334-7420997334","12":"pa_urun-adi-ceki-demiri","14":"first","15":"instock","16":"product-type-simple"},"_links":{"self":[{"href":"https:\/\/oedparts.com\/en\/wp-json\/wp\/v2\/product\/26774","targetHints":{"allow":["GET"]}}],"collection":[{"href":"https:\/\/oedparts.com\/en\/wp-json\/wp\/v2\/product"}],"about":[{"href":"https:\/\/oedparts.com\/en\/wp-json\/wp\/v2\/types\/product"}],"replies":[{"embeddable":true,"href":"https:\/\/oedparts.com\/en\/wp-json\/wp\/v2\/comments?post=26774"}],"wp:attachment":[{"href":"https:\/\/oedparts.com\/en\/wp-json\/wp\/v2\/media?parent=26774"}],"wp:term":[{"taxonomy":"product_brand","embeddable":true,"href":"https:\/\/oedparts.com\/en\/wp-json\/wp\/v2\/product_brand?post=26774"},{"taxonomy":"product_cat","embeddable":true,"href":"https:\/\/oedparts.com\/en\/wp-json\/wp\/v2\/product_cat?post=26774"},{"taxonomy":"product_tag","embeddable":true,"href":"https:\/\/oedparts.com\/en\/wp-json\/wp\/v2\/product_tag?post=26774"}],"curies":[{"name":"wp","href":"https:\/\/api.w.org\/{rel}","templated":true}]}}