{"id":26765,"date":"2025-09-02T17:45:43","date_gmt":"2025-09-02T14:45:43","guid":{"rendered":"https:\/\/oedparts.com\/urun\/7420383038-camurluk-baglanti-braketi-renault-trucks-3-743038\/"},"modified":"2025-09-02T17:46:00","modified_gmt":"2025-09-02T14:46:00","slug":"7420383038-camurluk-baglanti-braketi-renault-trucks-3-743038","status":"publish","type":"product","link":"https:\/\/oedparts.com\/en\/urun\/7420383038-camurluk-baglanti-braketi-renault-trucks-3-743038\/","title":{"rendered":"7420383038 &#8211; \u00c7AMURLUK BA\u011eLANTI BRAKET\u0130 &#8211; RENAULT TRUCKS &#8211; 3.743038"},"content":{"rendered":"","protected":false},"excerpt":{"rendered":"<p>7420383038 &#8211; \u00c7AMURLUK BA\u011eLANTI BRAKET\u0130 &#8211; RENAULT TRUCKS<\/p>\n","protected":false},"featured_media":0,"comment_status":"closed","ping_status":"open","template":"","meta":[],"product_brand":[],"product_cat":[12481,12471],"product_tag":[],"class_list":{"0":"post-26765","1":"product","2":"type-product","3":"status-publish","5":"product_cat-renault-trucks","6":"product_cat-volvo-trucks","7":"pa_arac-tipi-avrupa","8":"pa_marka-renault-trucks-volvo-trucks","9":"pa_model-magnum-premium","10":"pa_oed-no-3-743038","11":"pa_oem-no-14174","12":"pa_urun-adi-camurluk-baglanti-braketi","14":"first","15":"instock","16":"product-type-simple"},"_links":{"self":[{"href":"https:\/\/oedparts.com\/en\/wp-json\/wp\/v2\/product\/26765","targetHints":{"allow":["GET"]}}],"collection":[{"href":"https:\/\/oedparts.com\/en\/wp-json\/wp\/v2\/product"}],"about":[{"href":"https:\/\/oedparts.com\/en\/wp-json\/wp\/v2\/types\/product"}],"replies":[{"embeddable":true,"href":"https:\/\/oedparts.com\/en\/wp-json\/wp\/v2\/comments?post=26765"}],"wp:attachment":[{"href":"https:\/\/oedparts.com\/en\/wp-json\/wp\/v2\/media?parent=26765"}],"wp:term":[{"taxonomy":"product_brand","embeddable":true,"href":"https:\/\/oedparts.com\/en\/wp-json\/wp\/v2\/product_brand?post=26765"},{"taxonomy":"product_cat","embeddable":true,"href":"https:\/\/oedparts.com\/en\/wp-json\/wp\/v2\/product_cat?post=26765"},{"taxonomy":"product_tag","embeddable":true,"href":"https:\/\/oedparts.com\/en\/wp-json\/wp\/v2\/product_tag?post=26765"}],"curies":[{"name":"wp","href":"https:\/\/api.w.org\/{rel}","templated":true}]}}