{"id":26700,"date":"2025-09-02T17:45:19","date_gmt":"2025-09-02T14:45:19","guid":{"rendered":"https:\/\/oedparts.com\/urun\/7482050280-7482050281-kabin-kaldirma-silindiri-renault-trucks-3-710280\/"},"modified":"2025-09-02T17:45:24","modified_gmt":"2025-09-02T14:45:24","slug":"7482050280-7482050281-kabin-kaldirma-silindiri-renault-trucks-3-710280","status":"publish","type":"product","link":"https:\/\/oedparts.com\/en\/urun\/7482050280-7482050281-kabin-kaldirma-silindiri-renault-trucks-3-710280\/","title":{"rendered":"7482050280 &#8211; 7482050281 &#8211; KAB\u0130N KALDIRMA S\u0130L\u0130ND\u0130R\u0130 &#8211; RENAULT TRUCKS &#8211; 3.710280"},"content":{"rendered":"","protected":false},"excerpt":{"rendered":"<p>7482050280 &#8211; 7482050281 &#8211; KAB\u0130N KALDIRMA S\u0130L\u0130ND\u0130R\u0130 &#8211; RENAULT TRUCKS<\/p>\n","protected":false},"featured_media":26701,"comment_status":"closed","ping_status":"open","template":"","meta":[],"product_brand":[],"product_cat":[12481],"product_tag":[],"class_list":{"0":"post-26700","1":"product","2":"type-product","3":"status-publish","4":"has-post-thumbnail","6":"product_cat-renault-trucks","7":"pa_arac-tipi-avrupa","8":"pa_marka-renault-trucks","9":"pa_model-kerax","10":"pa_oed-no-3-710280","11":"pa_oem-no-7482050280-7482050281","12":"pa_urun-adi-kabin-kaldirma-silindiri","14":"first","15":"instock","16":"product-type-simple"},"_links":{"self":[{"href":"https:\/\/oedparts.com\/en\/wp-json\/wp\/v2\/product\/26700","targetHints":{"allow":["GET"]}}],"collection":[{"href":"https:\/\/oedparts.com\/en\/wp-json\/wp\/v2\/product"}],"about":[{"href":"https:\/\/oedparts.com\/en\/wp-json\/wp\/v2\/types\/product"}],"replies":[{"embeddable":true,"href":"https:\/\/oedparts.com\/en\/wp-json\/wp\/v2\/comments?post=26700"}],"wp:featuredmedia":[{"embeddable":true,"href":"https:\/\/oedparts.com\/en\/wp-json\/wp\/v2\/media\/26701"}],"wp:attachment":[{"href":"https:\/\/oedparts.com\/en\/wp-json\/wp\/v2\/media?parent=26700"}],"wp:term":[{"taxonomy":"product_brand","embeddable":true,"href":"https:\/\/oedparts.com\/en\/wp-json\/wp\/v2\/product_brand?post=26700"},{"taxonomy":"product_cat","embeddable":true,"href":"https:\/\/oedparts.com\/en\/wp-json\/wp\/v2\/product_cat?post=26700"},{"taxonomy":"product_tag","embeddable":true,"href":"https:\/\/oedparts.com\/en\/wp-json\/wp\/v2\/product_tag?post=26700"}],"curies":[{"name":"wp","href":"https:\/\/api.w.org\/{rel}","templated":true}]}}