{"id":26385,"date":"2025-09-02T17:44:12","date_gmt":"2025-09-02T14:44:12","guid":{"rendered":"https:\/\/oedparts.com\/urun\/7420758404-22431877-23289205-eksantrik-mili-renault-trucks-3-168404\/"},"modified":"2025-09-02T17:44:13","modified_gmt":"2025-09-02T14:44:13","slug":"7420758404-22431877-23289205-eksantrik-mili-renault-trucks-3-168404","status":"publish","type":"product","link":"https:\/\/oedparts.com\/en\/urun\/7420758404-22431877-23289205-eksantrik-mili-renault-trucks-3-168404\/","title":{"rendered":"7420758404 &#8211; 22431877 &#8211; 23289205 &#8211; EKSANTR\u0130K M\u0130L\u0130 &#8211; RENAULT TRUCKS &#8211; 3.168404"},"content":{"rendered":"","protected":false},"excerpt":{"rendered":"<p>7420758404 &#8211; 22431877 &#8211; 23289205 &#8211; EKSANTR\u0130K M\u0130L\u0130 &#8211; RENAULT TRUCKS<\/p>\n","protected":false},"featured_media":26386,"comment_status":"closed","ping_status":"open","template":"","meta":[],"product_brand":[],"product_cat":[12481],"product_tag":[],"class_list":{"0":"post-26385","1":"product","2":"type-product","3":"status-publish","4":"has-post-thumbnail","6":"product_cat-renault-trucks","7":"pa_arac-tipi-avrupa","8":"pa_marka-renault-trucks","9":"pa_model-kerax-magnum-premium","10":"pa_oed-no-3-168404","11":"pa_oem-no-7420758404-22431877-23289205","12":"pa_urun-adi-eksantrik-mili","14":"first","15":"instock","16":"product-type-simple"},"_links":{"self":[{"href":"https:\/\/oedparts.com\/en\/wp-json\/wp\/v2\/product\/26385","targetHints":{"allow":["GET"]}}],"collection":[{"href":"https:\/\/oedparts.com\/en\/wp-json\/wp\/v2\/product"}],"about":[{"href":"https:\/\/oedparts.com\/en\/wp-json\/wp\/v2\/types\/product"}],"replies":[{"embeddable":true,"href":"https:\/\/oedparts.com\/en\/wp-json\/wp\/v2\/comments?post=26385"}],"wp:featuredmedia":[{"embeddable":true,"href":"https:\/\/oedparts.com\/en\/wp-json\/wp\/v2\/media\/26386"}],"wp:attachment":[{"href":"https:\/\/oedparts.com\/en\/wp-json\/wp\/v2\/media?parent=26385"}],"wp:term":[{"taxonomy":"product_brand","embeddable":true,"href":"https:\/\/oedparts.com\/en\/wp-json\/wp\/v2\/product_brand?post=26385"},{"taxonomy":"product_cat","embeddable":true,"href":"https:\/\/oedparts.com\/en\/wp-json\/wp\/v2\/product_cat?post=26385"},{"taxonomy":"product_tag","embeddable":true,"href":"https:\/\/oedparts.com\/en\/wp-json\/wp\/v2\/product_tag?post=26385"}],"curies":[{"name":"wp","href":"https:\/\/api.w.org\/{rel}","templated":true}]}}