{"id":26370,"date":"2025-09-02T17:43:55","date_gmt":"2025-09-02T14:43:55","guid":{"rendered":"https:\/\/oedparts.com\/urun\/7421426367-20795692-21451262-21451261-eksantrik-mili-renault-trucks-3-166367\/"},"modified":"2025-09-02T17:44:05","modified_gmt":"2025-09-02T14:44:05","slug":"7421426367-20795692-21451262-21451261-eksantrik-mili-renault-trucks-3-166367","status":"publish","type":"product","link":"https:\/\/oedparts.com\/en\/urun\/7421426367-20795692-21451262-21451261-eksantrik-mili-renault-trucks-3-166367\/","title":{"rendered":"7421426367 &#8211; 20795692 &#8211; 21451262 &#8211; 21451261 &#8211; EKSANTR\u0130K M\u0130L\u0130 &#8211; RENAULT TRUCKS &#8211; 3.166367"},"content":{"rendered":"","protected":false},"excerpt":{"rendered":"<p>7421426367 &#8211; 20795692 &#8211; 21451262 &#8211; 21451261 &#8211; EKSANTR\u0130K M\u0130L\u0130 &#8211; RENAULT TRUCKS<\/p>\n","protected":false},"featured_media":26371,"comment_status":"closed","ping_status":"open","template":"","meta":[],"product_brand":[],"product_cat":[12481],"product_tag":[],"class_list":{"0":"post-26370","1":"product","2":"type-product","3":"status-publish","4":"has-post-thumbnail","6":"product_cat-renault-trucks","7":"pa_arac-tipi-avrupa","8":"pa_marka-renault-trucks","9":"pa_model-midlum-280","10":"pa_oed-no-3-166367","11":"pa_oem-no-7421426367-20795692-21451262-21451261","12":"pa_urun-adi-eksantrik-mili","14":"first","15":"instock","16":"product-type-simple"},"_links":{"self":[{"href":"https:\/\/oedparts.com\/en\/wp-json\/wp\/v2\/product\/26370","targetHints":{"allow":["GET"]}}],"collection":[{"href":"https:\/\/oedparts.com\/en\/wp-json\/wp\/v2\/product"}],"about":[{"href":"https:\/\/oedparts.com\/en\/wp-json\/wp\/v2\/types\/product"}],"replies":[{"embeddable":true,"href":"https:\/\/oedparts.com\/en\/wp-json\/wp\/v2\/comments?post=26370"}],"wp:featuredmedia":[{"embeddable":true,"href":"https:\/\/oedparts.com\/en\/wp-json\/wp\/v2\/media\/26371"}],"wp:attachment":[{"href":"https:\/\/oedparts.com\/en\/wp-json\/wp\/v2\/media?parent=26370"}],"wp:term":[{"taxonomy":"product_brand","embeddable":true,"href":"https:\/\/oedparts.com\/en\/wp-json\/wp\/v2\/product_brand?post=26370"},{"taxonomy":"product_cat","embeddable":true,"href":"https:\/\/oedparts.com\/en\/wp-json\/wp\/v2\/product_cat?post=26370"},{"taxonomy":"product_tag","embeddable":true,"href":"https:\/\/oedparts.com\/en\/wp-json\/wp\/v2\/product_tag?post=26370"}],"curies":[{"name":"wp","href":"https:\/\/api.w.org\/{rel}","templated":true}]}}