{"id":25892,"date":"2025-09-02T17:39:49","date_gmt":"2025-09-02T14:39:49","guid":{"rendered":"https:\/\/oedparts.com\/urun\/1089728-1593843-1594089-kabin-amortisoru-volvo-trucks-2-739728\/"},"modified":"2025-09-02T17:40:23","modified_gmt":"2025-09-02T14:40:23","slug":"1089728-1593843-1594089-kabin-amortisoru-volvo-trucks-2-739728","status":"publish","type":"product","link":"https:\/\/oedparts.com\/en\/urun\/1089728-1593843-1594089-kabin-amortisoru-volvo-trucks-2-739728\/","title":{"rendered":"1089728 &#8211; 1593843 &#8211; 1594089 &#8211; KAB\u0130N AMORT\u0130S\u00d6R\u00dc &#8211; VOLVO TRUCKS &#8211; 2.739728"},"content":{"rendered":"","protected":false},"excerpt":{"rendered":"<p>1089728 &#8211; 1593843 &#8211; 1594089 &#8211; KAB\u0130N AMORT\u0130S\u00d6R\u00dc &#8211; VOLVO TRUCKS<\/p>\n","protected":false},"featured_media":25893,"comment_status":"closed","ping_status":"open","template":"","meta":[],"product_brand":[],"product_cat":[12471],"product_tag":[],"class_list":{"0":"post-25892","1":"product","2":"type-product","3":"status-publish","4":"has-post-thumbnail","6":"product_cat-volvo-trucks","7":"pa_arac-tipi-avrupa","8":"pa_marka-volvo-trucks","9":"pa_model-fh-fm","10":"pa_oed-no-2-739728","11":"pa_oem-no-1089728-1593843-1594089","12":"pa_urun-adi-kabin-amortisoru","14":"first","15":"instock","16":"product-type-simple"},"_links":{"self":[{"href":"https:\/\/oedparts.com\/en\/wp-json\/wp\/v2\/product\/25892","targetHints":{"allow":["GET"]}}],"collection":[{"href":"https:\/\/oedparts.com\/en\/wp-json\/wp\/v2\/product"}],"about":[{"href":"https:\/\/oedparts.com\/en\/wp-json\/wp\/v2\/types\/product"}],"replies":[{"embeddable":true,"href":"https:\/\/oedparts.com\/en\/wp-json\/wp\/v2\/comments?post=25892"}],"wp:featuredmedia":[{"embeddable":true,"href":"https:\/\/oedparts.com\/en\/wp-json\/wp\/v2\/media\/25893"}],"wp:attachment":[{"href":"https:\/\/oedparts.com\/en\/wp-json\/wp\/v2\/media?parent=25892"}],"wp:term":[{"taxonomy":"product_brand","embeddable":true,"href":"https:\/\/oedparts.com\/en\/wp-json\/wp\/v2\/product_brand?post=25892"},{"taxonomy":"product_cat","embeddable":true,"href":"https:\/\/oedparts.com\/en\/wp-json\/wp\/v2\/product_cat?post=25892"},{"taxonomy":"product_tag","embeddable":true,"href":"https:\/\/oedparts.com\/en\/wp-json\/wp\/v2\/product_tag?post=25892"}],"curies":[{"name":"wp","href":"https:\/\/api.w.org\/{rel}","templated":true}]}}