{"id":25882,"date":"2025-09-02T17:39:49","date_gmt":"2025-09-02T14:39:49","guid":{"rendered":"https:\/\/oedparts.com\/urun\/20960913-21137458-3198859-kabin-amortisoru-volvo-trucks-2-738859\/"},"modified":"2025-09-02T17:40:22","modified_gmt":"2025-09-02T14:40:22","slug":"20960913-21137458-3198859-kabin-amortisoru-volvo-trucks-2-738859","status":"publish","type":"product","link":"https:\/\/oedparts.com\/en\/urun\/20960913-21137458-3198859-kabin-amortisoru-volvo-trucks-2-738859\/","title":{"rendered":"20960913 &#8211; 21137458 &#8211; 3198859 &#8211; KAB\u0130N AMORT\u0130S\u00d6R\u00dc &#8211; VOLVO TRUCKS &#8211; 2.738859"},"content":{"rendered":"","protected":false},"excerpt":{"rendered":"<p>20960913 &#8211; 21137458 &#8211; 3198859 &#8211; KAB\u0130N AMORT\u0130S\u00d6R\u00dc &#8211; VOLVO TRUCKS<\/p>\n","protected":false},"featured_media":25883,"comment_status":"closed","ping_status":"open","template":"","meta":[],"product_brand":[],"product_cat":[12471],"product_tag":[],"class_list":{"0":"post-25882","1":"product","2":"type-product","3":"status-publish","4":"has-post-thumbnail","6":"product_cat-volvo-trucks","7":"pa_arac-tipi-avrupa","8":"pa_marka-volvo-trucks","9":"pa_model-fh-fm","10":"pa_oed-no-2-738859","11":"pa_oem-no-20960913-21137458-3198859","12":"pa_urun-adi-kabin-amortisoru","14":"first","15":"instock","16":"product-type-simple"},"_links":{"self":[{"href":"https:\/\/oedparts.com\/en\/wp-json\/wp\/v2\/product\/25882","targetHints":{"allow":["GET"]}}],"collection":[{"href":"https:\/\/oedparts.com\/en\/wp-json\/wp\/v2\/product"}],"about":[{"href":"https:\/\/oedparts.com\/en\/wp-json\/wp\/v2\/types\/product"}],"replies":[{"embeddable":true,"href":"https:\/\/oedparts.com\/en\/wp-json\/wp\/v2\/comments?post=25882"}],"wp:featuredmedia":[{"embeddable":true,"href":"https:\/\/oedparts.com\/en\/wp-json\/wp\/v2\/media\/25883"}],"wp:attachment":[{"href":"https:\/\/oedparts.com\/en\/wp-json\/wp\/v2\/media?parent=25882"}],"wp:term":[{"taxonomy":"product_brand","embeddable":true,"href":"https:\/\/oedparts.com\/en\/wp-json\/wp\/v2\/product_brand?post=25882"},{"taxonomy":"product_cat","embeddable":true,"href":"https:\/\/oedparts.com\/en\/wp-json\/wp\/v2\/product_cat?post=25882"},{"taxonomy":"product_tag","embeddable":true,"href":"https:\/\/oedparts.com\/en\/wp-json\/wp\/v2\/product_tag?post=25882"}],"curies":[{"name":"wp","href":"https:\/\/api.w.org\/{rel}","templated":true}]}}