{"id":25857,"date":"2025-09-02T17:39:31","date_gmt":"2025-09-02T14:39:31","guid":{"rendered":"https:\/\/oedparts.com\/urun\/20922305-3198843-kabin-kaldirma-silindiri-volvo-trucks-2-712305\/"},"modified":"2025-09-02T17:39:39","modified_gmt":"2025-09-02T14:39:39","slug":"20922305-3198843-kabin-kaldirma-silindiri-volvo-trucks-2-712305","status":"publish","type":"product","link":"https:\/\/oedparts.com\/en\/urun\/20922305-3198843-kabin-kaldirma-silindiri-volvo-trucks-2-712305\/","title":{"rendered":"20922305 &#8211; 3198843 &#8211; KAB\u0130N KALDIRMA S\u0130L\u0130ND\u0130R\u0130 &#8211; VOLVO TRUCKS &#8211; 2.712305"},"content":{"rendered":"","protected":false},"excerpt":{"rendered":"<p>20922305 &#8211; 3198843 &#8211; KAB\u0130N KALDIRMA S\u0130L\u0130ND\u0130R\u0130 &#8211; VOLVO TRUCKS<\/p>\n","protected":false},"featured_media":25858,"comment_status":"closed","ping_status":"open","template":"","meta":[],"product_brand":[],"product_cat":[12471],"product_tag":[],"class_list":{"0":"post-25857","1":"product","2":"type-product","3":"status-publish","4":"has-post-thumbnail","6":"product_cat-volvo-trucks","7":"pa_arac-tipi-avrupa","8":"pa_marka-volvo-trucks","9":"pa_model-fh-fm","10":"pa_oed-no-2-712305","11":"pa_oem-no-20922305-3198843","12":"pa_urun-adi-kabin-kaldirma-silindiri","14":"first","15":"instock","16":"product-type-simple"},"_links":{"self":[{"href":"https:\/\/oedparts.com\/en\/wp-json\/wp\/v2\/product\/25857","targetHints":{"allow":["GET"]}}],"collection":[{"href":"https:\/\/oedparts.com\/en\/wp-json\/wp\/v2\/product"}],"about":[{"href":"https:\/\/oedparts.com\/en\/wp-json\/wp\/v2\/types\/product"}],"replies":[{"embeddable":true,"href":"https:\/\/oedparts.com\/en\/wp-json\/wp\/v2\/comments?post=25857"}],"wp:featuredmedia":[{"embeddable":true,"href":"https:\/\/oedparts.com\/en\/wp-json\/wp\/v2\/media\/25858"}],"wp:attachment":[{"href":"https:\/\/oedparts.com\/en\/wp-json\/wp\/v2\/media?parent=25857"}],"wp:term":[{"taxonomy":"product_brand","embeddable":true,"href":"https:\/\/oedparts.com\/en\/wp-json\/wp\/v2\/product_brand?post=25857"},{"taxonomy":"product_cat","embeddable":true,"href":"https:\/\/oedparts.com\/en\/wp-json\/wp\/v2\/product_cat?post=25857"},{"taxonomy":"product_tag","embeddable":true,"href":"https:\/\/oedparts.com\/en\/wp-json\/wp\/v2\/product_tag?post=25857"}],"curies":[{"name":"wp","href":"https:\/\/api.w.org\/{rel}","templated":true}]}}