{"id":25777,"date":"2025-09-02T17:39:31","date_gmt":"2025-09-02T14:39:31","guid":{"rendered":"https:\/\/oedparts.com\/urun\/21116880-3985226-gaz-pedal-sensoru-yeni-tip-volvo-trucks-2-636880\/"},"modified":"2025-09-02T17:39:32","modified_gmt":"2025-09-02T14:39:32","slug":"21116880-3985226-gaz-pedal-sensoru-yeni-tip-volvo-trucks-2-636880","status":"publish","type":"product","link":"https:\/\/oedparts.com\/en\/urun\/21116880-3985226-gaz-pedal-sensoru-yeni-tip-volvo-trucks-2-636880\/","title":{"rendered":"21116880 &#8211; 3985226 &#8211; GAZ PEDAL SENS\u00d6R\u00dc YEN\u0130 T\u0130P &#8211; VOLVO TRUCKS &#8211; 2.636880"},"content":{"rendered":"","protected":false},"excerpt":{"rendered":"<p>21116880 &#8211; 3985226 &#8211; GAZ PEDAL SENS\u00d6R\u00dc YEN\u0130 T\u0130P &#8211; VOLVO TRUCKS<\/p>\n","protected":false},"featured_media":25778,"comment_status":"closed","ping_status":"open","template":"","meta":[],"product_brand":[],"product_cat":[12471],"product_tag":[],"class_list":{"0":"post-25777","1":"product","2":"type-product","3":"status-publish","4":"has-post-thumbnail","6":"product_cat-volvo-trucks","7":"pa_arac-tipi-avrupa-amerikan","8":"pa_marka-volvo-trucks","9":"pa_model-fl-fm-fh-nh","10":"pa_oed-no-2-636880","11":"pa_oem-no-21116880-3985226","12":"pa_urun-adi-gaz-pedal-sensoru-yeni-tip","14":"first","15":"instock","16":"product-type-simple"},"_links":{"self":[{"href":"https:\/\/oedparts.com\/en\/wp-json\/wp\/v2\/product\/25777","targetHints":{"allow":["GET"]}}],"collection":[{"href":"https:\/\/oedparts.com\/en\/wp-json\/wp\/v2\/product"}],"about":[{"href":"https:\/\/oedparts.com\/en\/wp-json\/wp\/v2\/types\/product"}],"replies":[{"embeddable":true,"href":"https:\/\/oedparts.com\/en\/wp-json\/wp\/v2\/comments?post=25777"}],"wp:featuredmedia":[{"embeddable":true,"href":"https:\/\/oedparts.com\/en\/wp-json\/wp\/v2\/media\/25778"}],"wp:attachment":[{"href":"https:\/\/oedparts.com\/en\/wp-json\/wp\/v2\/media?parent=25777"}],"wp:term":[{"taxonomy":"product_brand","embeddable":true,"href":"https:\/\/oedparts.com\/en\/wp-json\/wp\/v2\/product_brand?post=25777"},{"taxonomy":"product_cat","embeddable":true,"href":"https:\/\/oedparts.com\/en\/wp-json\/wp\/v2\/product_cat?post=25777"},{"taxonomy":"product_tag","embeddable":true,"href":"https:\/\/oedparts.com\/en\/wp-json\/wp\/v2\/product_tag?post=25777"}],"curies":[{"name":"wp","href":"https:\/\/api.w.org\/{rel}","templated":true}]}}