{"id":25521,"date":"2025-09-02T17:38:24","date_gmt":"2025-09-02T14:38:24","guid":{"rendered":"https:\/\/oedparts.com\/urun\/20405125-21519562-21611266-21861948-21905526-termostat-kapagi-aluminyum-volvo-2-235125a\/"},"modified":"2025-09-07T14:21:08","modified_gmt":"2025-09-07T11:21:08","slug":"20405125-21519562-21611266-21861948-21905526-termostat-kapagi-aluminyum-volvo-2-235125a","status":"publish","type":"product","link":"https:\/\/oedparts.com\/en\/urun\/20405125-21519562-21611266-21861948-21905526-termostat-kapagi-aluminyum-volvo-2-235125a\/","title":{"rendered":"20405125 &#8211; 21519562 &#8211; 21611266 &#8211; 21861948 &#8211; 21905526 &#8211; TERMOSTAT KAPA\u011eI AL\u00dcM\u0130NYUM &#8211; VOLVO &#8211; 2.235125A"},"content":{"rendered":"","protected":false},"excerpt":{"rendered":"<p>20405125 &#8211; 21519562 &#8211; 21611266 &#8211; 21861948 &#8211; 21905526 &#8211; TERMOSTAT KAPA\u011eI AL\u00dcM\u0130NYUM &#8211; VOLVO<\/p>\n","protected":false},"featured_media":25522,"comment_status":"closed","ping_status":"closed","template":"","meta":[],"product_brand":[],"product_cat":[12471],"product_tag":[],"class_list":{"0":"post-25521","1":"product","2":"type-product","3":"status-publish","4":"has-post-thumbnail","6":"product_cat-volvo-trucks","7":"pa_arac-tipi-avrupa-amerikan","8":"pa_marka-volvo","9":"pa_model-fh-fm-vah-vhd-vn-vt","10":"pa_oed-no-2-235125a","11":"pa_oem-no-20405125-21519562-21611266-21861948-21905526","12":"pa_urun-adi-termostat-kapagi-aluminyum","14":"first","15":"instock","16":"product-type-simple"},"_links":{"self":[{"href":"https:\/\/oedparts.com\/en\/wp-json\/wp\/v2\/product\/25521","targetHints":{"allow":["GET"]}}],"collection":[{"href":"https:\/\/oedparts.com\/en\/wp-json\/wp\/v2\/product"}],"about":[{"href":"https:\/\/oedparts.com\/en\/wp-json\/wp\/v2\/types\/product"}],"replies":[{"embeddable":true,"href":"https:\/\/oedparts.com\/en\/wp-json\/wp\/v2\/comments?post=25521"}],"wp:featuredmedia":[{"embeddable":true,"href":"https:\/\/oedparts.com\/en\/wp-json\/wp\/v2\/media\/25522"}],"wp:attachment":[{"href":"https:\/\/oedparts.com\/en\/wp-json\/wp\/v2\/media?parent=25521"}],"wp:term":[{"taxonomy":"product_brand","embeddable":true,"href":"https:\/\/oedparts.com\/en\/wp-json\/wp\/v2\/product_brand?post=25521"},{"taxonomy":"product_cat","embeddable":true,"href":"https:\/\/oedparts.com\/en\/wp-json\/wp\/v2\/product_cat?post=25521"},{"taxonomy":"product_tag","embeddable":true,"href":"https:\/\/oedparts.com\/en\/wp-json\/wp\/v2\/product_tag?post=25521"}],"curies":[{"name":"wp","href":"https:\/\/api.w.org\/{rel}","templated":true}]}}