{"id":25516,"date":"2025-09-02T17:38:24","date_gmt":"2025-09-02T14:38:24","guid":{"rendered":"https:\/\/oedparts.com\/urun\/20397619-85000022-fan-gobegi-volvo-trucks-2-227619\/"},"modified":"2025-09-02T17:38:26","modified_gmt":"2025-09-02T14:38:26","slug":"20397619-85000022-fan-gobegi-volvo-trucks-2-227619","status":"publish","type":"product","link":"https:\/\/oedparts.com\/en\/urun\/20397619-85000022-fan-gobegi-volvo-trucks-2-227619\/","title":{"rendered":"20397619 &#8211; 85000022 &#8211; FAN G\u00d6BE\u011e\u0130 &#8211; VOLVO TRUCKS &#8211; 2.227619"},"content":{"rendered":"","protected":false},"excerpt":{"rendered":"<p>20397619 &#8211; 85000022 &#8211; FAN G\u00d6BE\u011e\u0130 &#8211; VOLVO TRUCKS<\/p>\n","protected":false},"featured_media":25517,"comment_status":"closed","ping_status":"open","template":"","meta":[],"product_brand":[],"product_cat":[12471],"product_tag":[],"class_list":{"0":"post-25516","1":"product","2":"type-product","3":"status-publish","4":"has-post-thumbnail","6":"product_cat-volvo-trucks","7":"pa_arac-tipi-avrupa-amerikan","8":"pa_marka-volvo-trucks","9":"pa_model-fh-nh","10":"pa_oed-no-2-227619","11":"pa_oem-no-20397619-85000022","12":"pa_urun-adi-fan-gobegi","14":"first","15":"instock","16":"product-type-simple"},"_links":{"self":[{"href":"https:\/\/oedparts.com\/en\/wp-json\/wp\/v2\/product\/25516","targetHints":{"allow":["GET"]}}],"collection":[{"href":"https:\/\/oedparts.com\/en\/wp-json\/wp\/v2\/product"}],"about":[{"href":"https:\/\/oedparts.com\/en\/wp-json\/wp\/v2\/types\/product"}],"replies":[{"embeddable":true,"href":"https:\/\/oedparts.com\/en\/wp-json\/wp\/v2\/comments?post=25516"}],"wp:featuredmedia":[{"embeddable":true,"href":"https:\/\/oedparts.com\/en\/wp-json\/wp\/v2\/media\/25517"}],"wp:attachment":[{"href":"https:\/\/oedparts.com\/en\/wp-json\/wp\/v2\/media?parent=25516"}],"wp:term":[{"taxonomy":"product_brand","embeddable":true,"href":"https:\/\/oedparts.com\/en\/wp-json\/wp\/v2\/product_brand?post=25516"},{"taxonomy":"product_cat","embeddable":true,"href":"https:\/\/oedparts.com\/en\/wp-json\/wp\/v2\/product_cat?post=25516"},{"taxonomy":"product_tag","embeddable":true,"href":"https:\/\/oedparts.com\/en\/wp-json\/wp\/v2\/product_tag?post=25516"}],"curies":[{"name":"wp","href":"https:\/\/api.w.org\/{rel}","templated":true}]}}