{"id":25410,"date":"2025-09-02T17:37:20","date_gmt":"2025-09-02T14:37:20","guid":{"rendered":"https:\/\/oedparts.com\/urun\/20711223-7420711223-devirdaim-kasnagi-volvo-trucks-2-201223\/"},"modified":"2025-09-02T17:37:44","modified_gmt":"2025-09-02T14:37:44","slug":"20711223-7420711223-devirdaim-kasnagi-volvo-trucks-2-201223","status":"publish","type":"product","link":"https:\/\/oedparts.com\/en\/urun\/20711223-7420711223-devirdaim-kasnagi-volvo-trucks-2-201223\/","title":{"rendered":"20711223 &#8211; 7420711223 &#8211; DEV\u0130RDA\u0130M KASNA\u011eI &#8211; VOLVO TRUCKS &#8211; 2.201223"},"content":{"rendered":"","protected":false},"excerpt":{"rendered":"<p>20711223 &#8211; 7420711223 &#8211; DEV\u0130RDA\u0130M KASNA\u011eI &#8211; VOLVO TRUCKS<\/p>\n","protected":false},"featured_media":0,"comment_status":"closed","ping_status":"open","template":"","meta":[],"product_brand":[],"product_cat":[12481,12471],"product_tag":[],"class_list":{"0":"post-25410","1":"product","2":"type-product","3":"status-publish","5":"product_cat-renault-trucks","6":"product_cat-volvo-trucks","7":"pa_arac-tipi-avrupa","8":"pa_marka-volvo-trucks-renault-trucks","9":"pa_model-fh-fm-fmx-c-k-t-magnum","10":"pa_oed-no-2-201223","11":"pa_oem-no-20711223-7420711223","12":"pa_urun-adi-devirdaim-kasnagi","14":"first","15":"instock","16":"product-type-simple"},"_links":{"self":[{"href":"https:\/\/oedparts.com\/en\/wp-json\/wp\/v2\/product\/25410","targetHints":{"allow":["GET"]}}],"collection":[{"href":"https:\/\/oedparts.com\/en\/wp-json\/wp\/v2\/product"}],"about":[{"href":"https:\/\/oedparts.com\/en\/wp-json\/wp\/v2\/types\/product"}],"replies":[{"embeddable":true,"href":"https:\/\/oedparts.com\/en\/wp-json\/wp\/v2\/comments?post=25410"}],"wp:attachment":[{"href":"https:\/\/oedparts.com\/en\/wp-json\/wp\/v2\/media?parent=25410"}],"wp:term":[{"taxonomy":"product_brand","embeddable":true,"href":"https:\/\/oedparts.com\/en\/wp-json\/wp\/v2\/product_brand?post=25410"},{"taxonomy":"product_cat","embeddable":true,"href":"https:\/\/oedparts.com\/en\/wp-json\/wp\/v2\/product_cat?post=25410"},{"taxonomy":"product_tag","embeddable":true,"href":"https:\/\/oedparts.com\/en\/wp-json\/wp\/v2\/product_tag?post=25410"}],"curies":[{"name":"wp","href":"https:\/\/api.w.org\/{rel}","templated":true}]}}