{"id":25373,"date":"2025-09-02T17:37:20","date_gmt":"2025-09-02T14:37:20","guid":{"rendered":"https:\/\/oedparts.com\/urun\/270950-271121-gomlek-lastigi-volvo-trucks-2-179950\/"},"modified":"2025-09-02T19:12:31","modified_gmt":"2025-09-02T16:12:31","slug":"270950-271121-gomlek-lastigi-volvo-trucks-2-179950","status":"publish","type":"product","link":"https:\/\/oedparts.com\/en\/urun\/270950-271121-gomlek-lastigi-volvo-trucks-2-179950\/","title":{"rendered":"270950 &#8211; 271121 &#8211; G\u00d6MLEK LAST\u0130\u011e\u0130 &#8211; VOLVO TRUCKS &#8211; 2.179950"},"content":{"rendered":"","protected":false},"excerpt":{"rendered":"<p>270950 &#8211; 271121 &#8211; G\u00d6MLEK LAST\u0130\u011e\u0130 &#8211; VOLVO TRUCKS<\/p>\n","protected":false},"featured_media":25374,"comment_status":"closed","ping_status":"closed","template":"","meta":[],"product_brand":[],"product_cat":[16144,12481,12459,12819,12471],"product_tag":[],"class_list":{"0":"post-25373","1":"product","2":"type-product","3":"status-publish","4":"has-post-thumbnail","6":"product_cat-is-makinalari","7":"product_cat-renault-trucks","8":"product_cat-tir-kamyon","9":"product_cat-volvo-ce","10":"product_cat-volvo-trucks","11":"pa_arac-tipi-avrupa-amerikan","12":"pa_marka-volvo-trucks-renault-trucks-volvo-ce","13":"pa_model-fh-fm","14":"pa_oed-no-2-179950","15":"pa_oem-no-270950-271121","16":"pa_urun-adi-gomlek-lastigi","18":"first","19":"instock","20":"product-type-simple"},"_links":{"self":[{"href":"https:\/\/oedparts.com\/en\/wp-json\/wp\/v2\/product\/25373","targetHints":{"allow":["GET"]}}],"collection":[{"href":"https:\/\/oedparts.com\/en\/wp-json\/wp\/v2\/product"}],"about":[{"href":"https:\/\/oedparts.com\/en\/wp-json\/wp\/v2\/types\/product"}],"replies":[{"embeddable":true,"href":"https:\/\/oedparts.com\/en\/wp-json\/wp\/v2\/comments?post=25373"}],"wp:featuredmedia":[{"embeddable":true,"href":"https:\/\/oedparts.com\/en\/wp-json\/wp\/v2\/media\/25374"}],"wp:attachment":[{"href":"https:\/\/oedparts.com\/en\/wp-json\/wp\/v2\/media?parent=25373"}],"wp:term":[{"taxonomy":"product_brand","embeddable":true,"href":"https:\/\/oedparts.com\/en\/wp-json\/wp\/v2\/product_brand?post=25373"},{"taxonomy":"product_cat","embeddable":true,"href":"https:\/\/oedparts.com\/en\/wp-json\/wp\/v2\/product_cat?post=25373"},{"taxonomy":"product_tag","embeddable":true,"href":"https:\/\/oedparts.com\/en\/wp-json\/wp\/v2\/product_tag?post=25373"}],"curies":[{"name":"wp","href":"https:\/\/api.w.org\/{rel}","templated":true}]}}