{"id":25343,"date":"2025-09-02T17:37:20","date_gmt":"2025-09-02T14:37:20","guid":{"rendered":"https:\/\/oedparts.com\/urun\/20787167-yag-filtre-kutuk-contasi-volvo-trucks-2-179167\/"},"modified":"2025-09-02T17:37:29","modified_gmt":"2025-09-02T14:37:29","slug":"20787167-yag-filtre-kutuk-contasi-volvo-trucks-2-179167","status":"publish","type":"product","link":"https:\/\/oedparts.com\/en\/urun\/20787167-yag-filtre-kutuk-contasi-volvo-trucks-2-179167\/","title":{"rendered":"20787167 &#8211; YA\u011e F\u0130LTRE K\u00dcT\u00dcK CONTASI &#8211; VOLVO TRUCKS &#8211; 2.179167"},"content":{"rendered":"","protected":false},"excerpt":{"rendered":"<p>20787167 &#8211; YA\u011e F\u0130LTRE K\u00dcT\u00dcK CONTASI &#8211; VOLVO TRUCKS<\/p>\n","protected":false},"featured_media":25344,"comment_status":"closed","ping_status":"open","template":"","meta":[],"product_brand":[],"product_cat":[12748,12481,12471],"product_tag":[],"class_list":{"0":"post-25343","1":"product","2":"type-product","3":"status-publish","4":"has-post-thumbnail","6":"product_cat-mack","7":"product_cat-renault-trucks","8":"product_cat-volvo-trucks","9":"pa_arac-tipi-avrupa-amerikan","10":"pa_marka-volvo-trucks-renault-trucks-mack","11":"pa_oed-no-2-179167","12":"pa_oem-no-13275","13":"pa_urun-adi-yag-filtre-kutuk-contasi","15":"first","16":"instock","17":"product-type-simple"},"_links":{"self":[{"href":"https:\/\/oedparts.com\/en\/wp-json\/wp\/v2\/product\/25343","targetHints":{"allow":["GET"]}}],"collection":[{"href":"https:\/\/oedparts.com\/en\/wp-json\/wp\/v2\/product"}],"about":[{"href":"https:\/\/oedparts.com\/en\/wp-json\/wp\/v2\/types\/product"}],"replies":[{"embeddable":true,"href":"https:\/\/oedparts.com\/en\/wp-json\/wp\/v2\/comments?post=25343"}],"wp:featuredmedia":[{"embeddable":true,"href":"https:\/\/oedparts.com\/en\/wp-json\/wp\/v2\/media\/25344"}],"wp:attachment":[{"href":"https:\/\/oedparts.com\/en\/wp-json\/wp\/v2\/media?parent=25343"}],"wp:term":[{"taxonomy":"product_brand","embeddable":true,"href":"https:\/\/oedparts.com\/en\/wp-json\/wp\/v2\/product_brand?post=25343"},{"taxonomy":"product_cat","embeddable":true,"href":"https:\/\/oedparts.com\/en\/wp-json\/wp\/v2\/product_cat?post=25343"},{"taxonomy":"product_tag","embeddable":true,"href":"https:\/\/oedparts.com\/en\/wp-json\/wp\/v2\/product_tag?post=25343"}],"curies":[{"name":"wp","href":"https:\/\/api.w.org\/{rel}","templated":true}]}}