{"id":25301,"date":"2025-09-02T17:36:57","date_gmt":"2025-09-02T14:36:57","guid":{"rendered":"https:\/\/oedparts.com\/urun\/23289202-22431876-21698059-7421698059-eksantrik-mili-volvo-trucks-2-169202\/"},"modified":"2025-09-02T17:37:07","modified_gmt":"2025-09-02T14:37:07","slug":"23289202-22431876-21698059-7421698059-eksantrik-mili-volvo-trucks-2-169202","status":"publish","type":"product","link":"https:\/\/oedparts.com\/en\/urun\/23289202-22431876-21698059-7421698059-eksantrik-mili-volvo-trucks-2-169202\/","title":{"rendered":"23289202 &#8211; 22431876 &#8211; 21698059 &#8211; 7421698059 &#8211; EKSANTR\u0130K M\u0130L\u0130 &#8211; VOLVO TRUCKS &#8211; 2.169202"},"content":{"rendered":"","protected":false},"excerpt":{"rendered":"<p>23289202 &#8211; 22431876 &#8211; 21698059 &#8211; 7421698059 &#8211; EKSANTR\u0130K M\u0130L\u0130 &#8211; VOLVO TRUCKS<\/p>\n","protected":false},"featured_media":25302,"comment_status":"closed","ping_status":"open","template":"","meta":[],"product_brand":[],"product_cat":[12471],"product_tag":[],"class_list":{"0":"post-25301","1":"product","2":"type-product","3":"status-publish","4":"has-post-thumbnail","6":"product_cat-volvo-trucks","7":"pa_arac-tipi-avrupa","8":"pa_marka-volvo-trucks","9":"pa_model-fh","10":"pa_oed-no-2-169202","11":"pa_oem-no-23289202-22431876-21698059-7421698059","12":"pa_urun-adi-eksantrik-mili","14":"first","15":"instock","16":"product-type-simple"},"_links":{"self":[{"href":"https:\/\/oedparts.com\/en\/wp-json\/wp\/v2\/product\/25301","targetHints":{"allow":["GET"]}}],"collection":[{"href":"https:\/\/oedparts.com\/en\/wp-json\/wp\/v2\/product"}],"about":[{"href":"https:\/\/oedparts.com\/en\/wp-json\/wp\/v2\/types\/product"}],"replies":[{"embeddable":true,"href":"https:\/\/oedparts.com\/en\/wp-json\/wp\/v2\/comments?post=25301"}],"wp:featuredmedia":[{"embeddable":true,"href":"https:\/\/oedparts.com\/en\/wp-json\/wp\/v2\/media\/25302"}],"wp:attachment":[{"href":"https:\/\/oedparts.com\/en\/wp-json\/wp\/v2\/media?parent=25301"}],"wp:term":[{"taxonomy":"product_brand","embeddable":true,"href":"https:\/\/oedparts.com\/en\/wp-json\/wp\/v2\/product_brand?post=25301"},{"taxonomy":"product_cat","embeddable":true,"href":"https:\/\/oedparts.com\/en\/wp-json\/wp\/v2\/product_cat?post=25301"},{"taxonomy":"product_tag","embeddable":true,"href":"https:\/\/oedparts.com\/en\/wp-json\/wp\/v2\/product_tag?post=25301"}],"curies":[{"name":"wp","href":"https:\/\/api.w.org\/{rel}","templated":true}]}}