{"id":25144,"date":"2025-09-02T17:36:36","date_gmt":"2025-09-02T14:36:36","guid":{"rendered":"https:\/\/oedparts.com\/urun\/21508091-21121525-7421508091-yag-sogutucu-kapagi-volvo-trucks-2-128091\/"},"modified":"2025-09-02T17:36:37","modified_gmt":"2025-09-02T14:36:37","slug":"21508091-21121525-7421508091-yag-sogutucu-kapagi-volvo-trucks-2-128091","status":"publish","type":"product","link":"https:\/\/oedparts.com\/en\/urun\/21508091-21121525-7421508091-yag-sogutucu-kapagi-volvo-trucks-2-128091\/","title":{"rendered":"21508091 &#8211; 21121525 &#8211; 7421508091 &#8211; YA\u011e SO\u011eUTUCU KAPA\u011eI &#8211; VOLVO TRUCKS &#8211; 2.128091"},"content":{"rendered":"","protected":false},"excerpt":{"rendered":"<p>21508091 &#8211; 21121525 &#8211; 7421508091 &#8211; YA\u011e SO\u011eUTUCU KAPA\u011eI &#8211; VOLVO TRUCKS<\/p>\n","protected":false},"featured_media":25145,"comment_status":"closed","ping_status":"open","template":"","meta":[],"product_brand":[],"product_cat":[12481,12471],"product_tag":[],"class_list":{"0":"post-25144","1":"product","2":"type-product","3":"status-publish","4":"has-post-thumbnail","6":"product_cat-renault-trucks","7":"product_cat-volvo-trucks","8":"pa_arac-tipi-avrupa","9":"pa_marka-volvo-trucks-renault-trucks","10":"pa_model-fh-fm","11":"pa_oed-no-2-128091","12":"pa_oem-no-21508091-21121525-7421508091","13":"pa_urun-adi-yag-sogutucu-kapagi","15":"first","16":"instock","17":"product-type-simple"},"_links":{"self":[{"href":"https:\/\/oedparts.com\/en\/wp-json\/wp\/v2\/product\/25144","targetHints":{"allow":["GET"]}}],"collection":[{"href":"https:\/\/oedparts.com\/en\/wp-json\/wp\/v2\/product"}],"about":[{"href":"https:\/\/oedparts.com\/en\/wp-json\/wp\/v2\/types\/product"}],"replies":[{"embeddable":true,"href":"https:\/\/oedparts.com\/en\/wp-json\/wp\/v2\/comments?post=25144"}],"wp:featuredmedia":[{"embeddable":true,"href":"https:\/\/oedparts.com\/en\/wp-json\/wp\/v2\/media\/25145"}],"wp:attachment":[{"href":"https:\/\/oedparts.com\/en\/wp-json\/wp\/v2\/media?parent=25144"}],"wp:term":[{"taxonomy":"product_brand","embeddable":true,"href":"https:\/\/oedparts.com\/en\/wp-json\/wp\/v2\/product_brand?post=25144"},{"taxonomy":"product_cat","embeddable":true,"href":"https:\/\/oedparts.com\/en\/wp-json\/wp\/v2\/product_cat?post=25144"},{"taxonomy":"product_tag","embeddable":true,"href":"https:\/\/oedparts.com\/en\/wp-json\/wp\/v2\/product_tag?post=25144"}],"curies":[{"name":"wp","href":"https:\/\/api.w.org\/{rel}","templated":true}]}}