{"id":24885,"date":"2025-09-02T17:35:21","date_gmt":"2025-09-02T14:35:21","guid":{"rendered":"https:\/\/oedparts.com\/urun\/0149707-149707-003861008004-813221-retarder-yuksugu-scania-10-853221\/"},"modified":"2025-09-02T17:35:29","modified_gmt":"2025-09-02T14:35:29","slug":"0149707-149707-003861008004-813221-retarder-yuksugu-scania-10-853221","status":"publish","type":"product","link":"https:\/\/oedparts.com\/en\/urun\/0149707-149707-003861008004-813221-retarder-yuksugu-scania-10-853221\/","title":{"rendered":"0149707 &#8211; 149707 &#8211; 003861008004 &#8211; 813221 &#8211; RETARDER Y\u00dcKS\u00dc\u011e\u00dc &#8211; SCANIA &#8211; 10.853221"},"content":{"rendered":"","protected":false},"excerpt":{"rendered":"<p>0149707 &#8211; 149707 &#8211; 003861008004 &#8211; 813221 &#8211; RETARDER Y\u00dcKS\u00dc\u011e\u00dc &#8211; SCANIA<\/p>\n","protected":false},"featured_media":0,"comment_status":"closed","ping_status":"open","template":"","meta":[],"product_brand":[],"product_cat":[12469,12482,12460],"product_tag":[],"class_list":{"0":"post-24885","1":"product","2":"type-product","3":"status-publish","5":"product_cat-daf","6":"product_cat-mercedes-benz","7":"product_cat-scania","8":"pa_arac-tipi-avrupa","9":"pa_marka-scania-daf-mercedes-benz","10":"pa_model-3-4-p-g-r-t-l-s","11":"pa_oed-no-10-853221","12":"pa_oem-no-0149707-149707-003861008004-813221","13":"pa_urun-adi-retarder-yuksugu","15":"first","16":"instock","17":"product-type-simple"},"_links":{"self":[{"href":"https:\/\/oedparts.com\/en\/wp-json\/wp\/v2\/product\/24885","targetHints":{"allow":["GET"]}}],"collection":[{"href":"https:\/\/oedparts.com\/en\/wp-json\/wp\/v2\/product"}],"about":[{"href":"https:\/\/oedparts.com\/en\/wp-json\/wp\/v2\/types\/product"}],"replies":[{"embeddable":true,"href":"https:\/\/oedparts.com\/en\/wp-json\/wp\/v2\/comments?post=24885"}],"wp:attachment":[{"href":"https:\/\/oedparts.com\/en\/wp-json\/wp\/v2\/media?parent=24885"}],"wp:term":[{"taxonomy":"product_brand","embeddable":true,"href":"https:\/\/oedparts.com\/en\/wp-json\/wp\/v2\/product_brand?post=24885"},{"taxonomy":"product_cat","embeddable":true,"href":"https:\/\/oedparts.com\/en\/wp-json\/wp\/v2\/product_cat?post=24885"},{"taxonomy":"product_tag","embeddable":true,"href":"https:\/\/oedparts.com\/en\/wp-json\/wp\/v2\/product_tag?post=24885"}],"curies":[{"name":"wp","href":"https:\/\/api.w.org\/{rel}","templated":true}]}}