{"id":24874,"date":"2025-09-02T17:34:59","date_gmt":"2025-09-02T14:34:59","guid":{"rendered":"https:\/\/oedparts.com\/urun\/1505867-9630060030-5810549-1912350-cabuk-tahliye-ventili-daf-10-730180\/"},"modified":"2025-09-02T17:35:14","modified_gmt":"2025-09-02T14:35:14","slug":"1505867-9630060030-5810549-1912350-cabuk-tahliye-ventili-daf-10-730180","status":"publish","type":"product","link":"https:\/\/oedparts.com\/en\/urun\/1505867-9630060030-5810549-1912350-cabuk-tahliye-ventili-daf-10-730180\/","title":{"rendered":"1505867 &#8211; 9630060030 &#8211; 5810549 &#8211; 1912350 &#8211; \u00c7ABUK TAHL\u0130YE VENT\u0130L\u0130 &#8211; DAF &#8211; 10.730180"},"content":{"rendered":"","protected":false},"excerpt":{"rendered":"<p>1505867 &#8211; 9630060030 &#8211; 5810549 &#8211; 1912350 &#8211; \u00c7ABUK TAHL\u0130YE VENT\u0130L\u0130 &#8211; DAF<\/p>\n","protected":false},"featured_media":24875,"comment_status":"closed","ping_status":"open","template":"","meta":[],"product_brand":[],"product_cat":[12469,12986,12460],"product_tag":[],"class_list":{"0":"post-24874","1":"product","2":"type-product","3":"status-publish","4":"has-post-thumbnail","6":"product_cat-daf","7":"product_cat-krone","8":"product_cat-scania","9":"pa_arac-tipi-avrupa-amerikan","10":"pa_marka-daf-scania-krone","11":"pa_oed-no-10-730180","12":"pa_oem-no-1505867-9630060030-5810549-1912350","13":"pa_urun-adi-cabuk-tahliye-ventili","15":"first","16":"instock","17":"product-type-simple"},"_links":{"self":[{"href":"https:\/\/oedparts.com\/en\/wp-json\/wp\/v2\/product\/24874","targetHints":{"allow":["GET"]}}],"collection":[{"href":"https:\/\/oedparts.com\/en\/wp-json\/wp\/v2\/product"}],"about":[{"href":"https:\/\/oedparts.com\/en\/wp-json\/wp\/v2\/types\/product"}],"replies":[{"embeddable":true,"href":"https:\/\/oedparts.com\/en\/wp-json\/wp\/v2\/comments?post=24874"}],"wp:featuredmedia":[{"embeddable":true,"href":"https:\/\/oedparts.com\/en\/wp-json\/wp\/v2\/media\/24875"}],"wp:attachment":[{"href":"https:\/\/oedparts.com\/en\/wp-json\/wp\/v2\/media?parent=24874"}],"wp:term":[{"taxonomy":"product_brand","embeddable":true,"href":"https:\/\/oedparts.com\/en\/wp-json\/wp\/v2\/product_brand?post=24874"},{"taxonomy":"product_cat","embeddable":true,"href":"https:\/\/oedparts.com\/en\/wp-json\/wp\/v2\/product_cat?post=24874"},{"taxonomy":"product_tag","embeddable":true,"href":"https:\/\/oedparts.com\/en\/wp-json\/wp\/v2\/product_tag?post=24874"}],"curies":[{"name":"wp","href":"https:\/\/api.w.org\/{rel}","templated":true}]}}