{"id":24859,"date":"2025-09-02T17:34:59","date_gmt":"2025-09-02T14:34:59","guid":{"rendered":"https:\/\/oedparts.com\/urun\/20153340-5001848546-hararet-musuru-universal-10-633340\/"},"modified":"2025-09-02T17:35:12","modified_gmt":"2025-09-02T14:35:12","slug":"20153340-5001848546-hararet-musuru-universal-10-633340","status":"publish","type":"product","link":"https:\/\/oedparts.com\/en\/urun\/20153340-5001848546-hararet-musuru-universal-10-633340\/","title":{"rendered":"20153340 &#8211; 5001848546 &#8211; HARARET M\u00dc\u015e\u00dcR\u00dc &#8211; UNIVERSAL &#8211; 10.633340"},"content":{"rendered":"","protected":false},"excerpt":{"rendered":"<p>20153340 &#8211; 5001848546 &#8211; HARARET M\u00dc\u015e\u00dcR\u00dc &#8211; UNIVERSAL<\/p>\n","protected":false},"featured_media":24860,"comment_status":"closed","ping_status":"open","template":"","meta":[],"product_brand":[],"product_cat":[12683],"product_tag":[],"class_list":{"0":"post-24859","1":"product","2":"type-product","3":"status-publish","4":"has-post-thumbnail","6":"product_cat-universal","7":"pa_arac-tipi-avrupa","8":"pa_marka-universal","9":"pa_oed-no-10-633340","10":"pa_oem-no-20153340-5001848546","11":"pa_urun-adi-hararet-musuru","13":"first","14":"instock","15":"product-type-simple"},"_links":{"self":[{"href":"https:\/\/oedparts.com\/en\/wp-json\/wp\/v2\/product\/24859","targetHints":{"allow":["GET"]}}],"collection":[{"href":"https:\/\/oedparts.com\/en\/wp-json\/wp\/v2\/product"}],"about":[{"href":"https:\/\/oedparts.com\/en\/wp-json\/wp\/v2\/types\/product"}],"replies":[{"embeddable":true,"href":"https:\/\/oedparts.com\/en\/wp-json\/wp\/v2\/comments?post=24859"}],"wp:featuredmedia":[{"embeddable":true,"href":"https:\/\/oedparts.com\/en\/wp-json\/wp\/v2\/media\/24860"}],"wp:attachment":[{"href":"https:\/\/oedparts.com\/en\/wp-json\/wp\/v2\/media?parent=24859"}],"wp:term":[{"taxonomy":"product_brand","embeddable":true,"href":"https:\/\/oedparts.com\/en\/wp-json\/wp\/v2\/product_brand?post=24859"},{"taxonomy":"product_cat","embeddable":true,"href":"https:\/\/oedparts.com\/en\/wp-json\/wp\/v2\/product_cat?post=24859"},{"taxonomy":"product_tag","embeddable":true,"href":"https:\/\/oedparts.com\/en\/wp-json\/wp\/v2\/product_tag?post=24859"}],"curies":[{"name":"wp","href":"https:\/\/api.w.org\/{rel}","templated":true}]}}