{"id":24813,"date":"2025-09-02T17:34:59","date_gmt":"2025-09-02T14:34:59","guid":{"rendered":"https:\/\/oedparts.com\/urun\/1506114-0003278925-1607728-4640060000-koruk-seviye-ventili-daf-10-567728\/"},"modified":"2025-09-02T17:35:07","modified_gmt":"2025-09-02T14:35:07","slug":"1506114-0003278925-1607728-4640060000-koruk-seviye-ventili-daf-10-567728","status":"publish","type":"product","link":"https:\/\/oedparts.com\/en\/urun\/1506114-0003278925-1607728-4640060000-koruk-seviye-ventili-daf-10-567728\/","title":{"rendered":"1506114 &#8211; 0003278925 &#8211; 1607728 &#8211; 4640060000 &#8211; K\u00d6R\u00dcK SEV\u0130YE VENT\u0130L\u0130 &#8211; DAF &#8211; 10.567728"},"content":{"rendered":"","protected":false},"excerpt":{"rendered":"<p>1506114 &#8211; 0003278925 &#8211; 1607728 &#8211; 4640060000 &#8211; K\u00d6R\u00dcK SEV\u0130YE VENT\u0130L\u0130 &#8211; DAF<\/p>\n","protected":false},"featured_media":24814,"comment_status":"closed","ping_status":"open","template":"","meta":[],"product_brand":[],"product_cat":[12469,12482,12471],"product_tag":[],"class_list":{"0":"post-24813","1":"product","2":"type-product","3":"status-publish","4":"has-post-thumbnail","6":"product_cat-daf","7":"product_cat-mercedes-benz","8":"product_cat-volvo-trucks","9":"pa_arac-tipi-avrupa","10":"pa_marka-daf-mercedes-benz-volvo-trucks","11":"pa_model-fl","12":"pa_oed-no-10-567728","13":"pa_oem-no-1506114-0003278925-1607728-4640060000","14":"pa_urun-adi-koruk-seviye-ventili","16":"first","17":"instock","18":"product-type-simple"},"_links":{"self":[{"href":"https:\/\/oedparts.com\/en\/wp-json\/wp\/v2\/product\/24813","targetHints":{"allow":["GET"]}}],"collection":[{"href":"https:\/\/oedparts.com\/en\/wp-json\/wp\/v2\/product"}],"about":[{"href":"https:\/\/oedparts.com\/en\/wp-json\/wp\/v2\/types\/product"}],"replies":[{"embeddable":true,"href":"https:\/\/oedparts.com\/en\/wp-json\/wp\/v2\/comments?post=24813"}],"wp:featuredmedia":[{"embeddable":true,"href":"https:\/\/oedparts.com\/en\/wp-json\/wp\/v2\/media\/24814"}],"wp:attachment":[{"href":"https:\/\/oedparts.com\/en\/wp-json\/wp\/v2\/media?parent=24813"}],"wp:term":[{"taxonomy":"product_brand","embeddable":true,"href":"https:\/\/oedparts.com\/en\/wp-json\/wp\/v2\/product_brand?post=24813"},{"taxonomy":"product_cat","embeddable":true,"href":"https:\/\/oedparts.com\/en\/wp-json\/wp\/v2\/product_cat?post=24813"},{"taxonomy":"product_tag","embeddable":true,"href":"https:\/\/oedparts.com\/en\/wp-json\/wp\/v2\/product_tag?post=24813"}],"curies":[{"name":"wp","href":"https:\/\/api.w.org\/{rel}","templated":true}]}}