{"id":24735,"date":"2025-09-02T17:34:28","date_gmt":"2025-09-02T14:34:28","guid":{"rendered":"https:\/\/oedparts.com\/urun\/1301168-fren-korugu-daf-10-551168\/"},"modified":"2025-09-02T17:34:40","modified_gmt":"2025-09-02T14:34:40","slug":"1301168-fren-korugu-daf-10-551168","status":"publish","type":"product","link":"https:\/\/oedparts.com\/en\/urun\/1301168-fren-korugu-daf-10-551168\/","title":{"rendered":"1301168 &#8211; FREN K\u00d6R\u00dc\u011e\u00dc &#8211; DAF &#8211; 10.551168"},"content":{"rendered":"","protected":false},"excerpt":{"rendered":"<p>1301168 &#8211; FREN K\u00d6R\u00dc\u011e\u00dc &#8211; DAF<\/p>\n","protected":false},"featured_media":24736,"comment_status":"closed","ping_status":"open","template":"","meta":[],"product_brand":[],"product_cat":[12469],"product_tag":[],"class_list":{"0":"post-24735","1":"product","2":"type-product","3":"status-publish","4":"has-post-thumbnail","6":"product_cat-daf","7":"pa_arac-tipi-avrupa","8":"pa_marka-daf","9":"pa_model-cf-xf","10":"pa_oed-no-10-551168","11":"pa_oem-no-12898","12":"pa_urun-adi-fren-korugu","14":"first","15":"instock","16":"product-type-simple"},"_links":{"self":[{"href":"https:\/\/oedparts.com\/en\/wp-json\/wp\/v2\/product\/24735","targetHints":{"allow":["GET"]}}],"collection":[{"href":"https:\/\/oedparts.com\/en\/wp-json\/wp\/v2\/product"}],"about":[{"href":"https:\/\/oedparts.com\/en\/wp-json\/wp\/v2\/types\/product"}],"replies":[{"embeddable":true,"href":"https:\/\/oedparts.com\/en\/wp-json\/wp\/v2\/comments?post=24735"}],"wp:featuredmedia":[{"embeddable":true,"href":"https:\/\/oedparts.com\/en\/wp-json\/wp\/v2\/media\/24736"}],"wp:attachment":[{"href":"https:\/\/oedparts.com\/en\/wp-json\/wp\/v2\/media?parent=24735"}],"wp:term":[{"taxonomy":"product_brand","embeddable":true,"href":"https:\/\/oedparts.com\/en\/wp-json\/wp\/v2\/product_brand?post=24735"},{"taxonomy":"product_cat","embeddable":true,"href":"https:\/\/oedparts.com\/en\/wp-json\/wp\/v2\/product_cat?post=24735"},{"taxonomy":"product_tag","embeddable":true,"href":"https:\/\/oedparts.com\/en\/wp-json\/wp\/v2\/product_tag?post=24735"}],"curies":[{"name":"wp","href":"https:\/\/api.w.org\/{rel}","templated":true}]}}