{"id":24657,"date":"2025-09-02T17:33:45","date_gmt":"2025-09-02T14:33:45","guid":{"rendered":"https:\/\/oedparts.com\/urun\/1694353-st4024-3097100-kaliper-ayar-mekanizma-sag-universal-10-527100\/"},"modified":"2025-09-02T17:33:47","modified_gmt":"2025-09-02T14:33:47","slug":"1694353-st4024-3097100-kaliper-ayar-mekanizma-sag-universal-10-527100","status":"publish","type":"product","link":"https:\/\/oedparts.com\/en\/urun\/1694353-st4024-3097100-kaliper-ayar-mekanizma-sag-universal-10-527100\/","title":{"rendered":"1694353 &#8211; ST4024 &#8211; 3097100 &#8211; KAL\u0130PER AYAR MEKAN\u0130ZMA SA\u011e &#8211; UNIVERSAL &#8211; 10.527100"},"content":{"rendered":"","protected":false},"excerpt":{"rendered":"<p>1694353 &#8211; ST4024 &#8211; 3097100 &#8211; KAL\u0130PER AYAR MEKAN\u0130ZMA SA\u011e &#8211; UNIVERSAL<\/p>\n","protected":false},"featured_media":24658,"comment_status":"closed","ping_status":"open","template":"","meta":[],"product_brand":[],"product_cat":[12683],"product_tag":[],"class_list":{"0":"post-24657","1":"product","2":"type-product","3":"status-publish","4":"has-post-thumbnail","6":"product_cat-universal","7":"pa_arac-tipi-avrupa","8":"pa_marka-universal","9":"pa_oed-no-10-527100","10":"pa_oem-no-1694353-st4024-3097100","11":"pa_urun-adi-kaliper-ayar-mekanizma-sag","13":"first","14":"instock","15":"product-type-simple"},"_links":{"self":[{"href":"https:\/\/oedparts.com\/en\/wp-json\/wp\/v2\/product\/24657","targetHints":{"allow":["GET"]}}],"collection":[{"href":"https:\/\/oedparts.com\/en\/wp-json\/wp\/v2\/product"}],"about":[{"href":"https:\/\/oedparts.com\/en\/wp-json\/wp\/v2\/types\/product"}],"replies":[{"embeddable":true,"href":"https:\/\/oedparts.com\/en\/wp-json\/wp\/v2\/comments?post=24657"}],"wp:featuredmedia":[{"embeddable":true,"href":"https:\/\/oedparts.com\/en\/wp-json\/wp\/v2\/media\/24658"}],"wp:attachment":[{"href":"https:\/\/oedparts.com\/en\/wp-json\/wp\/v2\/media?parent=24657"}],"wp:term":[{"taxonomy":"product_brand","embeddable":true,"href":"https:\/\/oedparts.com\/en\/wp-json\/wp\/v2\/product_brand?post=24657"},{"taxonomy":"product_cat","embeddable":true,"href":"https:\/\/oedparts.com\/en\/wp-json\/wp\/v2\/product_cat?post=24657"},{"taxonomy":"product_tag","embeddable":true,"href":"https:\/\/oedparts.com\/en\/wp-json\/wp\/v2\/product_tag?post=24657"}],"curies":[{"name":"wp","href":"https:\/\/api.w.org\/{rel}","templated":true}]}}