{"id":24445,"date":"2025-09-02T17:32:02","date_gmt":"2025-09-02T14:32:02","guid":{"rendered":"https:\/\/oedparts.com\/urun\/1116699-2149139-aks-disli-pulu-scania-1-936699\/"},"modified":"2025-09-02T17:32:35","modified_gmt":"2025-09-02T14:32:35","slug":"1116699-2149139-aks-disli-pulu-scania-1-936699","status":"publish","type":"product","link":"https:\/\/oedparts.com\/en\/urun\/1116699-2149139-aks-disli-pulu-scania-1-936699\/","title":{"rendered":"1116699 &#8211; 2149139 &#8211; AKS D\u0130\u015eL\u0130 PULU &#8211; SCANIA &#8211; 1.936699"},"content":{"rendered":"","protected":false},"excerpt":{"rendered":"<p>1116699 &#8211; 2149139 &#8211; AKS D\u0130\u015eL\u0130 PULU &#8211; SCANIA<\/p>\n","protected":false},"featured_media":24446,"comment_status":"closed","ping_status":"open","template":"","meta":[],"product_brand":[],"product_cat":[12460],"product_tag":[],"class_list":{"0":"post-24445","1":"product","2":"type-product","3":"status-publish","4":"has-post-thumbnail","6":"product_cat-scania","7":"pa_arac-tipi-avrupa","8":"pa_marka-scania","9":"pa_model-3-4-p-g-r-t","10":"pa_oed-no-1-936699","11":"pa_oem-no-1116699-2149139","12":"pa_urun-adi-aks-disli-pulu","14":"first","15":"instock","16":"product-type-simple"},"_links":{"self":[{"href":"https:\/\/oedparts.com\/en\/wp-json\/wp\/v2\/product\/24445","targetHints":{"allow":["GET"]}}],"collection":[{"href":"https:\/\/oedparts.com\/en\/wp-json\/wp\/v2\/product"}],"about":[{"href":"https:\/\/oedparts.com\/en\/wp-json\/wp\/v2\/types\/product"}],"replies":[{"embeddable":true,"href":"https:\/\/oedparts.com\/en\/wp-json\/wp\/v2\/comments?post=24445"}],"wp:featuredmedia":[{"embeddable":true,"href":"https:\/\/oedparts.com\/en\/wp-json\/wp\/v2\/media\/24446"}],"wp:attachment":[{"href":"https:\/\/oedparts.com\/en\/wp-json\/wp\/v2\/media?parent=24445"}],"wp:term":[{"taxonomy":"product_brand","embeddable":true,"href":"https:\/\/oedparts.com\/en\/wp-json\/wp\/v2\/product_brand?post=24445"},{"taxonomy":"product_cat","embeddable":true,"href":"https:\/\/oedparts.com\/en\/wp-json\/wp\/v2\/product_cat?post=24445"},{"taxonomy":"product_tag","embeddable":true,"href":"https:\/\/oedparts.com\/en\/wp-json\/wp\/v2\/product_tag?post=24445"}],"curies":[{"name":"wp","href":"https:\/\/api.w.org\/{rel}","templated":true}]}}