{"id":24405,"date":"2025-09-02T17:31:25","date_gmt":"2025-09-02T14:31:25","guid":{"rendered":"https:\/\/oedparts.com\/urun\/550732-550710-550713-550714-dingil-tamir-takimi-scania-1-900732\/"},"modified":"2025-09-02T17:31:45","modified_gmt":"2025-09-02T14:31:45","slug":"550732-550710-550713-550714-dingil-tamir-takimi-scania-1-900732","status":"publish","type":"product","link":"https:\/\/oedparts.com\/en\/urun\/550732-550710-550713-550714-dingil-tamir-takimi-scania-1-900732\/","title":{"rendered":"550732 &#8211; 550710 &#8211; 550713 &#8211; 550714 &#8211; D\u0130NG\u0130L TAM\u0130R TAKIMI &#8211; SCANIA &#8211; 1.900732"},"content":{"rendered":"","protected":false},"excerpt":{"rendered":"<p>550732 &#8211; 550710 &#8211; 550713 &#8211; 550714 &#8211; D\u0130NG\u0130L TAM\u0130R TAKIMI &#8211; SCANIA<\/p>\n","protected":false},"featured_media":24406,"comment_status":"closed","ping_status":"open","template":"","meta":[],"product_brand":[],"product_cat":[12460],"product_tag":[],"class_list":{"0":"post-24405","1":"product","2":"type-product","3":"status-publish","4":"has-post-thumbnail","6":"product_cat-scania","7":"pa_arac-tipi-avrupa","8":"pa_marka-scania","9":"pa_model-4-p-g-r-t-series","10":"pa_oed-no-1-900732","11":"pa_oem-no-550732-550710-550713-550714","12":"pa_urun-adi-dingil-tamir-takimi","14":"first","15":"instock","16":"product-type-simple"},"_links":{"self":[{"href":"https:\/\/oedparts.com\/en\/wp-json\/wp\/v2\/product\/24405","targetHints":{"allow":["GET"]}}],"collection":[{"href":"https:\/\/oedparts.com\/en\/wp-json\/wp\/v2\/product"}],"about":[{"href":"https:\/\/oedparts.com\/en\/wp-json\/wp\/v2\/types\/product"}],"replies":[{"embeddable":true,"href":"https:\/\/oedparts.com\/en\/wp-json\/wp\/v2\/comments?post=24405"}],"wp:featuredmedia":[{"embeddable":true,"href":"https:\/\/oedparts.com\/en\/wp-json\/wp\/v2\/media\/24406"}],"wp:attachment":[{"href":"https:\/\/oedparts.com\/en\/wp-json\/wp\/v2\/media?parent=24405"}],"wp:term":[{"taxonomy":"product_brand","embeddable":true,"href":"https:\/\/oedparts.com\/en\/wp-json\/wp\/v2\/product_brand?post=24405"},{"taxonomy":"product_cat","embeddable":true,"href":"https:\/\/oedparts.com\/en\/wp-json\/wp\/v2\/product_cat?post=24405"},{"taxonomy":"product_tag","embeddable":true,"href":"https:\/\/oedparts.com\/en\/wp-json\/wp\/v2\/product_tag?post=24405"}],"curies":[{"name":"wp","href":"https:\/\/api.w.org\/{rel}","templated":true}]}}