{"id":24395,"date":"2025-09-02T17:31:25","date_gmt":"2025-09-02T14:31:25","guid":{"rendered":"https:\/\/oedparts.com\/urun\/198957-agir-seri-o-ring-takimi-scania-1-858957\/"},"modified":"2025-09-02T17:31:44","modified_gmt":"2025-09-02T14:31:44","slug":"198957-agir-seri-o-ring-takimi-scania-1-858957","status":"publish","type":"product","link":"https:\/\/oedparts.com\/en\/urun\/198957-agir-seri-o-ring-takimi-scania-1-858957\/","title":{"rendered":"198957 &#8211; A\u011eIR SER\u0130 O-R\u0130NG TAKIMI &#8211; SCANIA &#8211; 1.858957"},"content":{"rendered":"","protected":false},"excerpt":{"rendered":"<p>198957 &#8211; A\u011eIR SER\u0130 O-R\u0130NG TAKIMI &#8211; SCANIA<\/p>\n","protected":false},"featured_media":24396,"comment_status":"closed","ping_status":"open","template":"","meta":[],"product_brand":[],"product_cat":[12460],"product_tag":[],"class_list":{"0":"post-24395","1":"product","2":"type-product","3":"status-publish","4":"has-post-thumbnail","6":"product_cat-scania","7":"pa_arac-tipi-avrupa","8":"pa_marka-scania","9":"pa_model-3-4-p-g-r-t","10":"pa_oed-no-1-858957","11":"pa_oem-no-12632","12":"pa_urun-adi-agir-seri-o-ring-takimi","14":"first","15":"instock","16":"product-type-simple"},"_links":{"self":[{"href":"https:\/\/oedparts.com\/en\/wp-json\/wp\/v2\/product\/24395","targetHints":{"allow":["GET"]}}],"collection":[{"href":"https:\/\/oedparts.com\/en\/wp-json\/wp\/v2\/product"}],"about":[{"href":"https:\/\/oedparts.com\/en\/wp-json\/wp\/v2\/types\/product"}],"replies":[{"embeddable":true,"href":"https:\/\/oedparts.com\/en\/wp-json\/wp\/v2\/comments?post=24395"}],"wp:featuredmedia":[{"embeddable":true,"href":"https:\/\/oedparts.com\/en\/wp-json\/wp\/v2\/media\/24396"}],"wp:attachment":[{"href":"https:\/\/oedparts.com\/en\/wp-json\/wp\/v2\/media?parent=24395"}],"wp:term":[{"taxonomy":"product_brand","embeddable":true,"href":"https:\/\/oedparts.com\/en\/wp-json\/wp\/v2\/product_brand?post=24395"},{"taxonomy":"product_cat","embeddable":true,"href":"https:\/\/oedparts.com\/en\/wp-json\/wp\/v2\/product_cat?post=24395"},{"taxonomy":"product_tag","embeddable":true,"href":"https:\/\/oedparts.com\/en\/wp-json\/wp\/v2\/product_tag?post=24395"}],"curies":[{"name":"wp","href":"https:\/\/api.w.org\/{rel}","templated":true}]}}