{"id":24339,"date":"2025-09-02T17:30:59","date_gmt":"2025-09-02T14:30:59","guid":{"rendered":"https:\/\/oedparts.com\/urun\/1366764-cam-kriko-fiberi-scania-1-776764\/"},"modified":"2025-09-02T17:31:03","modified_gmt":"2025-09-02T14:31:03","slug":"1366764-cam-kriko-fiberi-scania-1-776764","status":"publish","type":"product","link":"https:\/\/oedparts.com\/en\/urun\/1366764-cam-kriko-fiberi-scania-1-776764\/","title":{"rendered":"1366764 &#8211; CAM KR\u0130KO F\u0130BER\u0130 &#8211; SCANIA &#8211; 1.776764"},"content":{"rendered":"","protected":false},"excerpt":{"rendered":"<p>1366764 &#8211; CAM KR\u0130KO F\u0130BER\u0130 &#8211; SCANIA<\/p>\n","protected":false},"featured_media":24062,"comment_status":"closed","ping_status":"open","template":"","meta":[],"product_brand":[],"product_cat":[12460],"product_tag":[],"class_list":{"0":"post-24339","1":"product","2":"type-product","3":"status-publish","4":"has-post-thumbnail","6":"product_cat-scania","7":"pa_arac-tipi-avrupa","8":"pa_marka-scania","9":"pa_model-p-g-r-t","10":"pa_oed-no-1-776764","11":"pa_oem-no-12561","12":"pa_urun-adi-cam-kriko-fiberi","14":"first","15":"instock","16":"product-type-simple"},"_links":{"self":[{"href":"https:\/\/oedparts.com\/en\/wp-json\/wp\/v2\/product\/24339","targetHints":{"allow":["GET"]}}],"collection":[{"href":"https:\/\/oedparts.com\/en\/wp-json\/wp\/v2\/product"}],"about":[{"href":"https:\/\/oedparts.com\/en\/wp-json\/wp\/v2\/types\/product"}],"replies":[{"embeddable":true,"href":"https:\/\/oedparts.com\/en\/wp-json\/wp\/v2\/comments?post=24339"}],"wp:featuredmedia":[{"embeddable":true,"href":"https:\/\/oedparts.com\/en\/wp-json\/wp\/v2\/media\/24062"}],"wp:attachment":[{"href":"https:\/\/oedparts.com\/en\/wp-json\/wp\/v2\/media?parent=24339"}],"wp:term":[{"taxonomy":"product_brand","embeddable":true,"href":"https:\/\/oedparts.com\/en\/wp-json\/wp\/v2\/product_brand?post=24339"},{"taxonomy":"product_cat","embeddable":true,"href":"https:\/\/oedparts.com\/en\/wp-json\/wp\/v2\/product_cat?post=24339"},{"taxonomy":"product_tag","embeddable":true,"href":"https:\/\/oedparts.com\/en\/wp-json\/wp\/v2\/product_tag?post=24339"}],"curies":[{"name":"wp","href":"https:\/\/api.w.org\/{rel}","templated":true}]}}