{"id":24330,"date":"2025-09-02T17:30:34","date_gmt":"2025-09-02T14:30:34","guid":{"rendered":"https:\/\/oedparts.com\/urun\/1492258-1523882-1786695-sis-fari-braketi-sag-scania-1-753882\/"},"modified":"2025-09-02T17:30:53","modified_gmt":"2025-09-02T14:30:53","slug":"1492258-1523882-1786695-sis-fari-braketi-sag-scania-1-753882","status":"publish","type":"product","link":"https:\/\/oedparts.com\/en\/urun\/1492258-1523882-1786695-sis-fari-braketi-sag-scania-1-753882\/","title":{"rendered":"1492258 &#8211; 1523882 &#8211; 1786695 &#8211; S\u0130S FARI BRAKET\u0130 SA\u011e &#8211; SCANIA &#8211; 1.753882"},"content":{"rendered":"","protected":false},"excerpt":{"rendered":"<p>1492258 &#8211; 1523882 &#8211; 1786695 &#8211; S\u0130S FARI BRAKET\u0130 SA\u011e &#8211; SCANIA<\/p>\n","protected":false},"featured_media":24021,"comment_status":"closed","ping_status":"open","template":"","meta":[],"product_brand":[],"product_cat":[12460],"product_tag":[],"class_list":{"0":"post-24330","1":"product","2":"type-product","3":"status-publish","4":"has-post-thumbnail","6":"product_cat-scania","7":"pa_arac-tipi-avrupa","8":"pa_marka-scania","9":"pa_model-p-g-r-t","10":"pa_oed-no-1-753882","11":"pa_oem-no-1492258-1523882-1786695","12":"pa_urun-adi-sis-fari-braketi-sag","14":"first","15":"instock","16":"product-type-simple"},"_links":{"self":[{"href":"https:\/\/oedparts.com\/en\/wp-json\/wp\/v2\/product\/24330","targetHints":{"allow":["GET"]}}],"collection":[{"href":"https:\/\/oedparts.com\/en\/wp-json\/wp\/v2\/product"}],"about":[{"href":"https:\/\/oedparts.com\/en\/wp-json\/wp\/v2\/types\/product"}],"replies":[{"embeddable":true,"href":"https:\/\/oedparts.com\/en\/wp-json\/wp\/v2\/comments?post=24330"}],"wp:featuredmedia":[{"embeddable":true,"href":"https:\/\/oedparts.com\/en\/wp-json\/wp\/v2\/media\/24021"}],"wp:attachment":[{"href":"https:\/\/oedparts.com\/en\/wp-json\/wp\/v2\/media?parent=24330"}],"wp:term":[{"taxonomy":"product_brand","embeddable":true,"href":"https:\/\/oedparts.com\/en\/wp-json\/wp\/v2\/product_brand?post=24330"},{"taxonomy":"product_cat","embeddable":true,"href":"https:\/\/oedparts.com\/en\/wp-json\/wp\/v2\/product_cat?post=24330"},{"taxonomy":"product_tag","embeddable":true,"href":"https:\/\/oedparts.com\/en\/wp-json\/wp\/v2\/product_tag?post=24330"}],"curies":[{"name":"wp","href":"https:\/\/api.w.org\/{rel}","templated":true}]}}