{"id":24325,"date":"2025-09-02T17:30:34","date_gmt":"2025-09-02T14:30:34","guid":{"rendered":"https:\/\/oedparts.com\/urun\/1383858-1377600-1358343-camurluk-lastigi-scania-1-743858\/"},"modified":"2025-09-02T17:30:49","modified_gmt":"2025-09-02T14:30:49","slug":"1383858-1377600-1358343-camurluk-lastigi-scania-1-743858","status":"publish","type":"product","link":"https:\/\/oedparts.com\/en\/urun\/1383858-1377600-1358343-camurluk-lastigi-scania-1-743858\/","title":{"rendered":"1383858 &#8211; 1377600 &#8211; 1358343 &#8211; \u00c7AMURLUK LAST\u0130\u011e\u0130 &#8211; SCANIA &#8211; 1.743858"},"content":{"rendered":"","protected":false},"excerpt":{"rendered":"<p>1383858 &#8211; 1377600 &#8211; 1358343 &#8211; \u00c7AMURLUK LAST\u0130\u011e\u0130 &#8211; SCANIA<\/p>\n","protected":false},"featured_media":24000,"comment_status":"closed","ping_status":"open","template":"","meta":[],"product_brand":[],"product_cat":[12460],"product_tag":[],"class_list":{"0":"post-24325","1":"product","2":"type-product","3":"status-publish","4":"has-post-thumbnail","6":"product_cat-scania","7":"pa_arac-tipi-avrupa","8":"pa_marka-scania","9":"pa_model-4-p-g-r-t-l-s","10":"pa_oed-no-1-743858","11":"pa_oem-no-1383858-1377600-1358343","12":"pa_urun-adi-camurluk-lastigi","14":"first","15":"instock","16":"product-type-simple"},"_links":{"self":[{"href":"https:\/\/oedparts.com\/en\/wp-json\/wp\/v2\/product\/24325","targetHints":{"allow":["GET"]}}],"collection":[{"href":"https:\/\/oedparts.com\/en\/wp-json\/wp\/v2\/product"}],"about":[{"href":"https:\/\/oedparts.com\/en\/wp-json\/wp\/v2\/types\/product"}],"replies":[{"embeddable":true,"href":"https:\/\/oedparts.com\/en\/wp-json\/wp\/v2\/comments?post=24325"}],"wp:featuredmedia":[{"embeddable":true,"href":"https:\/\/oedparts.com\/en\/wp-json\/wp\/v2\/media\/24000"}],"wp:attachment":[{"href":"https:\/\/oedparts.com\/en\/wp-json\/wp\/v2\/media?parent=24325"}],"wp:term":[{"taxonomy":"product_brand","embeddable":true,"href":"https:\/\/oedparts.com\/en\/wp-json\/wp\/v2\/product_brand?post=24325"},{"taxonomy":"product_cat","embeddable":true,"href":"https:\/\/oedparts.com\/en\/wp-json\/wp\/v2\/product_cat?post=24325"},{"taxonomy":"product_tag","embeddable":true,"href":"https:\/\/oedparts.com\/en\/wp-json\/wp\/v2\/product_tag?post=24325"}],"curies":[{"name":"wp","href":"https:\/\/api.w.org\/{rel}","templated":true}]}}