{"id":24311,"date":"2025-09-02T17:30:16","date_gmt":"2025-09-02T14:30:16","guid":{"rendered":"https:\/\/oedparts.com\/urun\/1386423-1524615-1875806-2000089-kabin-ayar-cubugu-scania-1-720089\/"},"modified":"2025-09-02T17:30:23","modified_gmt":"2025-09-02T14:30:23","slug":"1386423-1524615-1875806-2000089-kabin-ayar-cubugu-scania-1-720089","status":"publish","type":"product","link":"https:\/\/oedparts.com\/en\/urun\/1386423-1524615-1875806-2000089-kabin-ayar-cubugu-scania-1-720089\/","title":{"rendered":"1386423 &#8211; 1524615 &#8211; 1875806 &#8211; 2000089 &#8211; KAB\u0130N AYAR \u00c7UBU\u011eU &#8211; SCANIA &#8211; 1.720089"},"content":{"rendered":"","protected":false},"excerpt":{"rendered":"<p>1386423 &#8211; 1524615 &#8211; 1875806 &#8211; 2000089 &#8211; KAB\u0130N AYAR \u00c7UBU\u011eU &#8211; SCANIA<\/p>\n","protected":false},"featured_media":23957,"comment_status":"closed","ping_status":"open","template":"","meta":[],"product_brand":[],"product_cat":[12460],"product_tag":[],"class_list":{"0":"post-24311","1":"product","2":"type-product","3":"status-publish","4":"has-post-thumbnail","6":"product_cat-scania","7":"pa_arac-tipi-avrupa","8":"pa_marka-scania","9":"pa_model-4-p-g-r-t-series","10":"pa_oed-no-1-720089","11":"pa_oem-no-1386423-1524615-1875806-2000089","12":"pa_urun-adi-kabin-ayar-cubugu","14":"first","15":"instock","16":"product-type-simple"},"_links":{"self":[{"href":"https:\/\/oedparts.com\/en\/wp-json\/wp\/v2\/product\/24311","targetHints":{"allow":["GET"]}}],"collection":[{"href":"https:\/\/oedparts.com\/en\/wp-json\/wp\/v2\/product"}],"about":[{"href":"https:\/\/oedparts.com\/en\/wp-json\/wp\/v2\/types\/product"}],"replies":[{"embeddable":true,"href":"https:\/\/oedparts.com\/en\/wp-json\/wp\/v2\/comments?post=24311"}],"wp:featuredmedia":[{"embeddable":true,"href":"https:\/\/oedparts.com\/en\/wp-json\/wp\/v2\/media\/23957"}],"wp:attachment":[{"href":"https:\/\/oedparts.com\/en\/wp-json\/wp\/v2\/media?parent=24311"}],"wp:term":[{"taxonomy":"product_brand","embeddable":true,"href":"https:\/\/oedparts.com\/en\/wp-json\/wp\/v2\/product_brand?post=24311"},{"taxonomy":"product_cat","embeddable":true,"href":"https:\/\/oedparts.com\/en\/wp-json\/wp\/v2\/product_cat?post=24311"},{"taxonomy":"product_tag","embeddable":true,"href":"https:\/\/oedparts.com\/en\/wp-json\/wp\/v2\/product_tag?post=24311"}],"curies":[{"name":"wp","href":"https:\/\/api.w.org\/{rel}","templated":true}]}}