{"id":24300,"date":"2025-09-02T17:30:16","date_gmt":"2025-09-02T14:30:16","guid":{"rendered":"https:\/\/oedparts.com\/urun\/10575102-10575163-1423396-1549738-1575161-1575205-575161-1354888-kabin-kaldirma-silindiri-scania-1-715102\/"},"modified":"2025-09-02T17:30:20","modified_gmt":"2025-09-02T14:30:20","slug":"10575102-10575163-1423396-1549738-1575161-1575205-575161-1354888-kabin-kaldirma-silindiri-scania-1-715102","status":"publish","type":"product","link":"https:\/\/oedparts.com\/en\/urun\/10575102-10575163-1423396-1549738-1575161-1575205-575161-1354888-kabin-kaldirma-silindiri-scania-1-715102\/","title":{"rendered":"10575102 &#8211; 10575163 &#8211; 1423396 &#8211; 1549738 &#8211; 1575161 &#8211; 1575205 &#8211; 575161 &#8211; 1354888 &#8211; KAB\u0130N KALDIRMA S\u0130L\u0130ND\u0130R\u0130 &#8211; SCANIA &#8211; 1.715102"},"content":{"rendered":"","protected":false},"excerpt":{"rendered":"<p>10575102 &#8211; 10575163 &#8211; 1423396 &#8211; 1549738 &#8211; 1575161 &#8211; 1575205 &#8211; 575161 &#8211; 1354888 &#8211; KAB\u0130N KALDIRMA S\u0130L\u0130ND\u0130R\u0130 &#8211; SCANIA<\/p>\n","protected":false},"featured_media":23902,"comment_status":"closed","ping_status":"open","template":"","meta":[],"product_brand":[],"product_cat":[12460],"product_tag":[],"class_list":{"0":"post-24300","1":"product","2":"type-product","3":"status-publish","4":"has-post-thumbnail","6":"product_cat-scania","7":"pa_arac-tipi-avrupa","8":"pa_marka-scania","9":"pa_model-4-p-g-r-t","10":"pa_oed-no-1-715102","11":"pa_oem-no-10575102-10575163-1423396-1549738-1575161-1575205-575161-1354888","12":"pa_urun-adi-kabin-kaldirma-silindiri","14":"first","15":"instock","16":"product-type-simple"},"_links":{"self":[{"href":"https:\/\/oedparts.com\/en\/wp-json\/wp\/v2\/product\/24300","targetHints":{"allow":["GET"]}}],"collection":[{"href":"https:\/\/oedparts.com\/en\/wp-json\/wp\/v2\/product"}],"about":[{"href":"https:\/\/oedparts.com\/en\/wp-json\/wp\/v2\/types\/product"}],"replies":[{"embeddable":true,"href":"https:\/\/oedparts.com\/en\/wp-json\/wp\/v2\/comments?post=24300"}],"wp:featuredmedia":[{"embeddable":true,"href":"https:\/\/oedparts.com\/en\/wp-json\/wp\/v2\/media\/23902"}],"wp:attachment":[{"href":"https:\/\/oedparts.com\/en\/wp-json\/wp\/v2\/media?parent=24300"}],"wp:term":[{"taxonomy":"product_brand","embeddable":true,"href":"https:\/\/oedparts.com\/en\/wp-json\/wp\/v2\/product_brand?post=24300"},{"taxonomy":"product_cat","embeddable":true,"href":"https:\/\/oedparts.com\/en\/wp-json\/wp\/v2\/product_cat?post=24300"},{"taxonomy":"product_tag","embeddable":true,"href":"https:\/\/oedparts.com\/en\/wp-json\/wp\/v2\/product_tag?post=24300"}],"curies":[{"name":"wp","href":"https:\/\/api.w.org\/{rel}","templated":true}]}}