{"id":24299,"date":"2025-09-02T17:30:16","date_gmt":"2025-09-02T14:30:16","guid":{"rendered":"https:\/\/oedparts.com\/urun\/1524337-kabin-silindir-tm-tk-scania-1-714337\/"},"modified":"2025-09-02T17:30:18","modified_gmt":"2025-09-02T14:30:18","slug":"1524337-kabin-silindir-tm-tk-scania-1-714337","status":"publish","type":"product","link":"https:\/\/oedparts.com\/en\/urun\/1524337-kabin-silindir-tm-tk-scania-1-714337\/","title":{"rendered":"1524337 &#8211; KAB\u0130N S\u0130L\u0130ND\u0130R TM TK &#8211; SCANIA &#8211; 1.714337"},"content":{"rendered":"","protected":false},"excerpt":{"rendered":"<p>1524337 &#8211; KAB\u0130N S\u0130L\u0130ND\u0130R TM TK &#8211; SCANIA<\/p>\n","protected":false},"featured_media":0,"comment_status":"closed","ping_status":"open","template":"","meta":[],"product_brand":[],"product_cat":[12460],"product_tag":[],"class_list":{"0":"post-24299","1":"product","2":"type-product","3":"status-publish","5":"product_cat-scania","6":"pa_arac-tipi-avrupa","7":"pa_marka-scania","8":"pa_model-p-g-r-t","9":"pa_oed-no-1-714337","10":"pa_oem-no-12268","11":"pa_urun-adi-kabin-silindir-tm-tk","13":"first","14":"instock","15":"product-type-simple"},"_links":{"self":[{"href":"https:\/\/oedparts.com\/en\/wp-json\/wp\/v2\/product\/24299","targetHints":{"allow":["GET"]}}],"collection":[{"href":"https:\/\/oedparts.com\/en\/wp-json\/wp\/v2\/product"}],"about":[{"href":"https:\/\/oedparts.com\/en\/wp-json\/wp\/v2\/types\/product"}],"replies":[{"embeddable":true,"href":"https:\/\/oedparts.com\/en\/wp-json\/wp\/v2\/comments?post=24299"}],"wp:attachment":[{"href":"https:\/\/oedparts.com\/en\/wp-json\/wp\/v2\/media?parent=24299"}],"wp:term":[{"taxonomy":"product_brand","embeddable":true,"href":"https:\/\/oedparts.com\/en\/wp-json\/wp\/v2\/product_brand?post=24299"},{"taxonomy":"product_cat","embeddable":true,"href":"https:\/\/oedparts.com\/en\/wp-json\/wp\/v2\/product_cat?post=24299"},{"taxonomy":"product_tag","embeddable":true,"href":"https:\/\/oedparts.com\/en\/wp-json\/wp\/v2\/product_tag?post=24299"}],"curies":[{"name":"wp","href":"https:\/\/api.w.org\/{rel}","templated":true}]}}