{"id":24296,"date":"2025-09-02T17:30:16","date_gmt":"2025-09-02T14:30:16","guid":{"rendered":"https:\/\/oedparts.com\/urun\/1720925-1512253-kabin-kaldirma-silindiri-scania-1-710925\/"},"modified":"2025-09-02T17:30:17","modified_gmt":"2025-09-02T14:30:17","slug":"1720925-1512253-kabin-kaldirma-silindiri-scania-1-710925","status":"publish","type":"product","link":"https:\/\/oedparts.com\/en\/urun\/1720925-1512253-kabin-kaldirma-silindiri-scania-1-710925\/","title":{"rendered":"1720925 &#8211; 1512253 &#8211; KAB\u0130N KALDIRMA S\u0130L\u0130ND\u0130R\u0130 &#8211; SCANIA &#8211; 1.710925"},"content":{"rendered":"","protected":false},"excerpt":{"rendered":"<p>1720925 &#8211; 1512253 &#8211; KAB\u0130N KALDIRMA S\u0130L\u0130ND\u0130R\u0130 &#8211; SCANIA<\/p>\n","protected":false},"featured_media":23886,"comment_status":"closed","ping_status":"open","template":"","meta":[],"product_brand":[],"product_cat":[12460],"product_tag":[],"class_list":{"0":"post-24296","1":"product","2":"type-product","3":"status-publish","4":"has-post-thumbnail","6":"product_cat-scania","7":"pa_arac-tipi-avrupa","8":"pa_marka-scania","9":"pa_model-p-g-r-t","10":"pa_oed-no-1-710925","11":"pa_oem-no-1720925-1512253","12":"pa_urun-adi-kabin-kaldirma-silindiri","14":"first","15":"instock","16":"product-type-simple"},"_links":{"self":[{"href":"https:\/\/oedparts.com\/en\/wp-json\/wp\/v2\/product\/24296","targetHints":{"allow":["GET"]}}],"collection":[{"href":"https:\/\/oedparts.com\/en\/wp-json\/wp\/v2\/product"}],"about":[{"href":"https:\/\/oedparts.com\/en\/wp-json\/wp\/v2\/types\/product"}],"replies":[{"embeddable":true,"href":"https:\/\/oedparts.com\/en\/wp-json\/wp\/v2\/comments?post=24296"}],"wp:featuredmedia":[{"embeddable":true,"href":"https:\/\/oedparts.com\/en\/wp-json\/wp\/v2\/media\/23886"}],"wp:attachment":[{"href":"https:\/\/oedparts.com\/en\/wp-json\/wp\/v2\/media?parent=24296"}],"wp:term":[{"taxonomy":"product_brand","embeddable":true,"href":"https:\/\/oedparts.com\/en\/wp-json\/wp\/v2\/product_brand?post=24296"},{"taxonomy":"product_cat","embeddable":true,"href":"https:\/\/oedparts.com\/en\/wp-json\/wp\/v2\/product_cat?post=24296"},{"taxonomy":"product_tag","embeddable":true,"href":"https:\/\/oedparts.com\/en\/wp-json\/wp\/v2\/product_tag?post=24296"}],"curies":[{"name":"wp","href":"https:\/\/api.w.org\/{rel}","templated":true}]}}