{"id":24258,"date":"2025-09-02T17:29:49","date_gmt":"2025-09-02T14:29:49","guid":{"rendered":"https:\/\/oedparts.com\/urun\/1334037-1488083-1121759-agir-seri-bobini-scania-1-564037\/"},"modified":"2025-09-02T17:29:50","modified_gmt":"2025-09-02T14:29:50","slug":"1334037-1488083-1121759-agir-seri-bobini-scania-1-564037","status":"publish","type":"product","link":"https:\/\/oedparts.com\/en\/urun\/1334037-1488083-1121759-agir-seri-bobini-scania-1-564037\/","title":{"rendered":"1334037 &#8211; 1488083 &#8211; 1121759 &#8211; A\u011eIR SER\u0130 BOB\u0130N\u0130 &#8211; SCANIA &#8211; 1.564037"},"content":{"rendered":"","protected":false},"excerpt":{"rendered":"<p>1334037 &#8211; 1488083 &#8211; 1121759 &#8211; A\u011eIR SER\u0130 BOB\u0130N\u0130 &#8211; SCANIA<\/p>\n","protected":false},"featured_media":23700,"comment_status":"closed","ping_status":"open","template":"","meta":[],"product_brand":[],"product_cat":[12460],"product_tag":[],"class_list":{"0":"post-24258","1":"product","2":"type-product","3":"status-publish","4":"has-post-thumbnail","6":"product_cat-scania","7":"pa_arac-tipi-avrupa","8":"pa_marka-scania","9":"pa_model-3-4-p-g-r-t","10":"pa_oed-no-1-564037","11":"pa_oem-no-1334037-1488083-1121759","12":"pa_urun-adi-agir-seri-bobini","14":"first","15":"instock","16":"product-type-simple"},"_links":{"self":[{"href":"https:\/\/oedparts.com\/en\/wp-json\/wp\/v2\/product\/24258","targetHints":{"allow":["GET"]}}],"collection":[{"href":"https:\/\/oedparts.com\/en\/wp-json\/wp\/v2\/product"}],"about":[{"href":"https:\/\/oedparts.com\/en\/wp-json\/wp\/v2\/types\/product"}],"replies":[{"embeddable":true,"href":"https:\/\/oedparts.com\/en\/wp-json\/wp\/v2\/comments?post=24258"}],"wp:featuredmedia":[{"embeddable":true,"href":"https:\/\/oedparts.com\/en\/wp-json\/wp\/v2\/media\/23700"}],"wp:attachment":[{"href":"https:\/\/oedparts.com\/en\/wp-json\/wp\/v2\/media?parent=24258"}],"wp:term":[{"taxonomy":"product_brand","embeddable":true,"href":"https:\/\/oedparts.com\/en\/wp-json\/wp\/v2\/product_brand?post=24258"},{"taxonomy":"product_cat","embeddable":true,"href":"https:\/\/oedparts.com\/en\/wp-json\/wp\/v2\/product_cat?post=24258"},{"taxonomy":"product_tag","embeddable":true,"href":"https:\/\/oedparts.com\/en\/wp-json\/wp\/v2\/product_tag?post=24258"}],"curies":[{"name":"wp","href":"https:\/\/api.w.org\/{rel}","templated":true}]}}