{"id":24203,"date":"2025-09-02T17:28:55","date_gmt":"2025-09-02T14:28:55","guid":{"rendered":"https:\/\/oedparts.com\/urun\/2481313-2630546-radyator-baglanti-braketi-sol-scania-1-221313\/"},"modified":"2025-09-02T17:29:00","modified_gmt":"2025-09-02T14:29:00","slug":"2481313-2630546-radyator-baglanti-braketi-sol-scania-1-221313","status":"publish","type":"product","link":"https:\/\/oedparts.com\/en\/urun\/2481313-2630546-radyator-baglanti-braketi-sol-scania-1-221313\/","title":{"rendered":"2481313 &#8211; 2630546 &#8211; RADYAT\u00d6R BA\u011eLANTI BRAKET\u0130 SOL &#8211; SCANIA &#8211; 1.221313"},"content":{"rendered":"","protected":false},"excerpt":{"rendered":"<p>2481313 &#8211; 2630546 &#8211; RADYAT\u00d6R BA\u011eLANTI BRAKET\u0130 SOL &#8211; SCANIA<\/p>\n","protected":false},"featured_media":23457,"comment_status":"closed","ping_status":"open","template":"","meta":[],"product_brand":[],"product_cat":[12460],"product_tag":[],"class_list":{"0":"post-24203","1":"product","2":"type-product","3":"status-publish","4":"has-post-thumbnail","6":"product_cat-scania","7":"pa_arac-tipi-avrupa","8":"pa_marka-scania","9":"pa_model-p-g-r-t-l-s","10":"pa_oed-no-1-221313","11":"pa_oem-no-2481313-2630546","12":"pa_urun-adi-radyator-baglanti-braketi-sol","14":"first","15":"instock","16":"product-type-simple"},"_links":{"self":[{"href":"https:\/\/oedparts.com\/en\/wp-json\/wp\/v2\/product\/24203","targetHints":{"allow":["GET"]}}],"collection":[{"href":"https:\/\/oedparts.com\/en\/wp-json\/wp\/v2\/product"}],"about":[{"href":"https:\/\/oedparts.com\/en\/wp-json\/wp\/v2\/types\/product"}],"replies":[{"embeddable":true,"href":"https:\/\/oedparts.com\/en\/wp-json\/wp\/v2\/comments?post=24203"}],"wp:featuredmedia":[{"embeddable":true,"href":"https:\/\/oedparts.com\/en\/wp-json\/wp\/v2\/media\/23457"}],"wp:attachment":[{"href":"https:\/\/oedparts.com\/en\/wp-json\/wp\/v2\/media?parent=24203"}],"wp:term":[{"taxonomy":"product_brand","embeddable":true,"href":"https:\/\/oedparts.com\/en\/wp-json\/wp\/v2\/product_brand?post=24203"},{"taxonomy":"product_cat","embeddable":true,"href":"https:\/\/oedparts.com\/en\/wp-json\/wp\/v2\/product_cat?post=24203"},{"taxonomy":"product_tag","embeddable":true,"href":"https:\/\/oedparts.com\/en\/wp-json\/wp\/v2\/product_tag?post=24203"}],"curies":[{"name":"wp","href":"https:\/\/api.w.org\/{rel}","templated":true}]}}