{"id":24202,"date":"2025-09-02T17:28:55","date_gmt":"2025-09-02T14:28:55","guid":{"rendered":"https:\/\/oedparts.com\/urun\/2481311-2630545-radyator-baglanti-braketi-sag-scania-1-221311\/"},"modified":"2025-09-02T17:28:59","modified_gmt":"2025-09-02T14:28:59","slug":"2481311-2630545-radyator-baglanti-braketi-sag-scania-1-221311","status":"publish","type":"product","link":"https:\/\/oedparts.com\/en\/urun\/2481311-2630545-radyator-baglanti-braketi-sag-scania-1-221311\/","title":{"rendered":"2481311 &#8211; 2630545 &#8211; RADYAT\u00d6R BA\u011eLANTI BRAKET\u0130 SA\u011e &#8211; SCANIA &#8211; 1.221311"},"content":{"rendered":"","protected":false},"excerpt":{"rendered":"<p>2481311 &#8211; 2630545 &#8211; RADYAT\u00d6R BA\u011eLANTI BRAKET\u0130 SA\u011e &#8211; SCANIA<\/p>\n","protected":false},"featured_media":23452,"comment_status":"closed","ping_status":"open","template":"","meta":[],"product_brand":[],"product_cat":[12460],"product_tag":[],"class_list":{"0":"post-24202","1":"product","2":"type-product","3":"status-publish","4":"has-post-thumbnail","6":"product_cat-scania","7":"pa_arac-tipi-avrupa","8":"pa_marka-scania","9":"pa_model-p-g-r-t-l-s","10":"pa_oed-no-1-221311","11":"pa_oem-no-2481311-2630545","12":"pa_urun-adi-radyator-baglanti-braketi-sag","14":"first","15":"instock","16":"product-type-simple"},"_links":{"self":[{"href":"https:\/\/oedparts.com\/en\/wp-json\/wp\/v2\/product\/24202","targetHints":{"allow":["GET"]}}],"collection":[{"href":"https:\/\/oedparts.com\/en\/wp-json\/wp\/v2\/product"}],"about":[{"href":"https:\/\/oedparts.com\/en\/wp-json\/wp\/v2\/types\/product"}],"replies":[{"embeddable":true,"href":"https:\/\/oedparts.com\/en\/wp-json\/wp\/v2\/comments?post=24202"}],"wp:featuredmedia":[{"embeddable":true,"href":"https:\/\/oedparts.com\/en\/wp-json\/wp\/v2\/media\/23452"}],"wp:attachment":[{"href":"https:\/\/oedparts.com\/en\/wp-json\/wp\/v2\/media?parent=24202"}],"wp:term":[{"taxonomy":"product_brand","embeddable":true,"href":"https:\/\/oedparts.com\/en\/wp-json\/wp\/v2\/product_brand?post=24202"},{"taxonomy":"product_cat","embeddable":true,"href":"https:\/\/oedparts.com\/en\/wp-json\/wp\/v2\/product_cat?post=24202"},{"taxonomy":"product_tag","embeddable":true,"href":"https:\/\/oedparts.com\/en\/wp-json\/wp\/v2\/product_tag?post=24202"}],"curies":[{"name":"wp","href":"https:\/\/api.w.org\/{rel}","templated":true}]}}