{"id":24176,"date":"2025-09-02T17:28:32","date_gmt":"2025-09-02T14:28:32","guid":{"rendered":"https:\/\/oedparts.com\/urun\/1509918-eksantrik-mili-scania-1-169918\/"},"modified":"2025-09-02T17:28:32","modified_gmt":"2025-09-02T14:28:32","slug":"1509918-eksantrik-mili-scania-1-169918","status":"publish","type":"product","link":"https:\/\/oedparts.com\/en\/urun\/1509918-eksantrik-mili-scania-1-169918\/","title":{"rendered":"1509918 &#8211; EKSANTR\u0130K M\u0130L\u0130 &#8211; SCANIA &#8211; 1.169918"},"content":{"rendered":"","protected":false},"excerpt":{"rendered":"<p>1509918 &#8211; EKSANTR\u0130K M\u0130L\u0130 &#8211; SCANIA<\/p>\n","protected":false},"featured_media":23340,"comment_status":"closed","ping_status":"open","template":"","meta":[],"product_brand":[],"product_cat":[12460],"product_tag":[],"class_list":{"0":"post-24176","1":"product","2":"type-product","3":"status-publish","4":"has-post-thumbnail","6":"product_cat-scania","7":"pa_arac-tipi-avrupa","8":"pa_marka-scania","9":"pa_model-4-p-g-r-t","10":"pa_oed-no-1-169918","11":"pa_oem-no-11950","12":"pa_urun-adi-eksantrik-mili","14":"first","15":"instock","16":"product-type-simple"},"_links":{"self":[{"href":"https:\/\/oedparts.com\/en\/wp-json\/wp\/v2\/product\/24176","targetHints":{"allow":["GET"]}}],"collection":[{"href":"https:\/\/oedparts.com\/en\/wp-json\/wp\/v2\/product"}],"about":[{"href":"https:\/\/oedparts.com\/en\/wp-json\/wp\/v2\/types\/product"}],"replies":[{"embeddable":true,"href":"https:\/\/oedparts.com\/en\/wp-json\/wp\/v2\/comments?post=24176"}],"wp:featuredmedia":[{"embeddable":true,"href":"https:\/\/oedparts.com\/en\/wp-json\/wp\/v2\/media\/23340"}],"wp:attachment":[{"href":"https:\/\/oedparts.com\/en\/wp-json\/wp\/v2\/media?parent=24176"}],"wp:term":[{"taxonomy":"product_brand","embeddable":true,"href":"https:\/\/oedparts.com\/en\/wp-json\/wp\/v2\/product_brand?post=24176"},{"taxonomy":"product_cat","embeddable":true,"href":"https:\/\/oedparts.com\/en\/wp-json\/wp\/v2\/product_cat?post=24176"},{"taxonomy":"product_tag","embeddable":true,"href":"https:\/\/oedparts.com\/en\/wp-json\/wp\/v2\/product_tag?post=24176"}],"curies":[{"name":"wp","href":"https:\/\/api.w.org\/{rel}","templated":true}]}}