{"id":24157,"date":"2025-09-02T17:28:19","date_gmt":"2025-09-02T14:28:19","guid":{"rendered":"https:\/\/oedparts.com\/urun\/1367847-1394353-yag-sogutucu-kapagi-scania-1-127847\/"},"modified":"2025-09-02T17:28:19","modified_gmt":"2025-09-02T14:28:19","slug":"1367847-1394353-yag-sogutucu-kapagi-scania-1-127847","status":"publish","type":"product","link":"https:\/\/oedparts.com\/en\/urun\/1367847-1394353-yag-sogutucu-kapagi-scania-1-127847\/","title":{"rendered":"1367847 &#8211; 1394353 &#8211; YA\u011e SO\u011eUTUCU KAPA\u011eI &#8211; SCANIA &#8211; 1.127847"},"content":{"rendered":"","protected":false},"excerpt":{"rendered":"<p>1367847 &#8211; 1394353 &#8211; YA\u011e SO\u011eUTUCU KAPA\u011eI &#8211; SCANIA<\/p>\n","protected":false},"featured_media":23249,"comment_status":"closed","ping_status":"open","template":"","meta":[],"product_brand":[],"product_cat":[12460],"product_tag":[],"class_list":{"0":"post-24157","1":"product","2":"type-product","3":"status-publish","4":"has-post-thumbnail","6":"product_cat-scania","7":"pa_arac-tipi-avrupa","8":"pa_marka-scania","9":"pa_model-p-96-4-serie","10":"pa_oed-no-1-127847","11":"pa_oem-no-1367847-1394353","12":"pa_urun-adi-yag-sogutucu-kapagi","14":"first","15":"instock","16":"product-type-simple"},"_links":{"self":[{"href":"https:\/\/oedparts.com\/en\/wp-json\/wp\/v2\/product\/24157","targetHints":{"allow":["GET"]}}],"collection":[{"href":"https:\/\/oedparts.com\/en\/wp-json\/wp\/v2\/product"}],"about":[{"href":"https:\/\/oedparts.com\/en\/wp-json\/wp\/v2\/types\/product"}],"replies":[{"embeddable":true,"href":"https:\/\/oedparts.com\/en\/wp-json\/wp\/v2\/comments?post=24157"}],"wp:featuredmedia":[{"embeddable":true,"href":"https:\/\/oedparts.com\/en\/wp-json\/wp\/v2\/media\/23249"}],"wp:attachment":[{"href":"https:\/\/oedparts.com\/en\/wp-json\/wp\/v2\/media?parent=24157"}],"wp:term":[{"taxonomy":"product_brand","embeddable":true,"href":"https:\/\/oedparts.com\/en\/wp-json\/wp\/v2\/product_brand?post=24157"},{"taxonomy":"product_cat","embeddable":true,"href":"https:\/\/oedparts.com\/en\/wp-json\/wp\/v2\/product_cat?post=24157"},{"taxonomy":"product_tag","embeddable":true,"href":"https:\/\/oedparts.com\/en\/wp-json\/wp\/v2\/product_tag?post=24157"}],"curies":[{"name":"wp","href":"https:\/\/api.w.org\/{rel}","templated":true}]}}